{"id":405,"date":"2018-08-01T00:00:00","date_gmt":"2018-08-01T00:00:00","guid":{"rendered":"https:\/\/clearchox.com\/product\/kuna-cacaopoeder-25-kg-natuurlijk-bio\/"},"modified":"2025-07-07T08:26:44","modified_gmt":"2025-07-07T08:26:44","slug":"kuna-cocoa-powder-25-kg-natural-bio","status":"publish","type":"product","link":"https:\/\/clearchox.com\/fr\/shop\/kuna-cocoa-powder-25-kg-natural-bio\/","title":{"rendered":"Kun\u00e1 Poudre de Cacao 2,5 kg Naturelle BIO"},"content":{"rendered":"","protected":false},"excerpt":{"rendered":"<p>Poudre de cacao tr\u00e8s aromatique provenant du cacao des petits producteurs de l&rsquo;Amazonie \u00e9quatorienne. Cette poudre n&rsquo;est pas alcalinis\u00e9e, c&rsquo;est-\u00e0-dire que les notes fruit\u00e9es naturelles (acides) du cacao sont enti\u00e8rement pr\u00e9serv\u00e9es. La poudre de cacao comme elle devrait \u00eatre. Cette poudre de cacao est plus claire que la poudre alcalinis\u00e9e.<\/p>\n","protected":false},"featured_media":89419,"comment_status":"open","ping_status":"closed","template":"","meta":[],"product_brand":[56],"product_cat":[734,735,15,737,736],"product_tag":[24],"class_list":{"0":"post-405","1":"product","2":"type-product","3":"status-publish","4":"has-post-thumbnail","6":"product_brand-kuna","7":"product_cat-bean-to-bar","8":"product_cat-bio","9":"product_cat-chocolat","10":"product_cat-sans-allergenes","11":"product_cat-vegane","12":"product_tag-visible","13":"product_shipping_class-16","14":"infinite-scroll-item","15":"resize-featured-image","16":"sales-flash-overlay","17":"woocommerce-text-align-center","18":"woocommerce-image-align-center","19":"wc-has-gallery","21":"first","22":"outofstock","23":"taxable","24":"shipping-taxable","25":"purchasable","26":"product-type-simple"},"_links":{"self":[{"href":"https:\/\/clearchox.com\/fr\/wp-json\/wp\/v2\/product\/405","targetHints":{"allow":["GET"]}}],"collection":[{"href":"https:\/\/clearchox.com\/fr\/wp-json\/wp\/v2\/product"}],"about":[{"href":"https:\/\/clearchox.com\/fr\/wp-json\/wp\/v2\/types\/product"}],"replies":[{"embeddable":true,"href":"https:\/\/clearchox.com\/fr\/wp-json\/wp\/v2\/comments?post=405"}],"wp:featuredmedia":[{"embeddable":true,"href":"https:\/\/clearchox.com\/fr\/wp-json\/wp\/v2\/media\/89419"}],"wp:attachment":[{"href":"https:\/\/clearchox.com\/fr\/wp-json\/wp\/v2\/media?parent=405"}],"wp:term":[{"taxonomy":"product_brand","embeddable":true,"href":"https:\/\/clearchox.com\/fr\/wp-json\/wp\/v2\/product_brand?post=405"},{"taxonomy":"product_cat","embeddable":true,"href":"https:\/\/clearchox.com\/fr\/wp-json\/wp\/v2\/product_cat?post=405"},{"taxonomy":"product_tag","embeddable":true,"href":"https:\/\/clearchox.com\/fr\/wp-json\/wp\/v2\/product_tag?post=405"}],"curies":[{"name":"wp","href":"https:\/\/api.w.org\/{rel}","templated":true}]}}