{"id":407,"date":"2018-08-02T00:00:00","date_gmt":"2018-08-02T00:00:00","guid":{"rendered":"https:\/\/clearchox.com\/product\/kuna-82-rio-verde-2-x-30-gr-bio\/"},"modified":"2026-03-19T07:53:34","modified_gmt":"2026-03-19T07:53:34","slug":"kuna-82-rio-verde-2-x-30-gr-bio","status":"publish","type":"product","link":"https:\/\/clearchox.com\/fr\/shop\/kuna-82-rio-verde-2-x-30-gr-bio\/","title":{"rendered":"Kun\u00e1 82% Rio Verde 2 x 30 gr BIO"},"content":{"rendered":"","protected":false},"excerpt":{"rendered":"<p>Un chocolat exquis et aromatique avec 82% de cacao Arriba de Rio Verde, Esmeraldas dans le nord de l&rsquo;\u00c9quateur. Un chocolat fin avec un caract\u00e8re cors\u00e9 et sombre. Aucun arbre n&rsquo;a \u00e9t\u00e9 abattu pour l&#8217;emballage. Papier fabriqu\u00e9 \u00e0 partir de fibres de canne \u00e0 sucre. Contient 2 x 30 gr de tablettes.<\/p>\n","protected":false},"featured_media":84160,"comment_status":"open","ping_status":"closed","template":"","meta":[],"product_brand":[56],"product_cat":[734,735,15,737,736],"product_tag":[24],"class_list":{"0":"post-407","1":"product","2":"type-product","3":"status-publish","4":"has-post-thumbnail","6":"product_brand-kuna","7":"product_cat-bean-to-bar","8":"product_cat-bio","9":"product_cat-chocolat","10":"product_cat-sans-allergenes","11":"product_cat-vegane","12":"product_tag-visible","13":"product_shipping_class-16","14":"infinite-scroll-item","15":"resize-featured-image","16":"sales-flash-overlay","17":"woocommerce-text-align-center","18":"woocommerce-image-align-center","19":"wc-has-gallery","21":"first","22":"instock","23":"taxable","24":"shipping-taxable","25":"purchasable","26":"product-type-simple"},"_links":{"self":[{"href":"https:\/\/clearchox.com\/fr\/wp-json\/wp\/v2\/product\/407","targetHints":{"allow":["GET"]}}],"collection":[{"href":"https:\/\/clearchox.com\/fr\/wp-json\/wp\/v2\/product"}],"about":[{"href":"https:\/\/clearchox.com\/fr\/wp-json\/wp\/v2\/types\/product"}],"replies":[{"embeddable":true,"href":"https:\/\/clearchox.com\/fr\/wp-json\/wp\/v2\/comments?post=407"}],"wp:featuredmedia":[{"embeddable":true,"href":"https:\/\/clearchox.com\/fr\/wp-json\/wp\/v2\/media\/84160"}],"wp:attachment":[{"href":"https:\/\/clearchox.com\/fr\/wp-json\/wp\/v2\/media?parent=407"}],"wp:term":[{"taxonomy":"product_brand","embeddable":true,"href":"https:\/\/clearchox.com\/fr\/wp-json\/wp\/v2\/product_brand?post=407"},{"taxonomy":"product_cat","embeddable":true,"href":"https:\/\/clearchox.com\/fr\/wp-json\/wp\/v2\/product_cat?post=407"},{"taxonomy":"product_tag","embeddable":true,"href":"https:\/\/clearchox.com\/fr\/wp-json\/wp\/v2\/product_tag?post=407"}],"curies":[{"name":"wp","href":"https:\/\/api.w.org\/{rel}","templated":true}]}}