{"id":410,"date":"2018-08-02T00:00:00","date_gmt":"2018-08-02T00:00:00","guid":{"rendered":"https:\/\/clearchox.com\/product\/kuna-71-kardamom-2-x-30-gr-bio\/"},"modified":"2025-12-29T19:08:06","modified_gmt":"2025-12-29T19:08:06","slug":"kuna-71-cardamom-2-x-30-gr-bio","status":"publish","type":"product","link":"https:\/\/clearchox.com\/fr\/shop\/kuna-71-cardamom-2-x-30-gr-bio\/","title":{"rendered":"Kuna 71% Cardamome 2 x 30 gr BIO"},"content":{"rendered":"","protected":false},"excerpt":{"rendered":"<p>Le chocolat noir et la cardamome se marient tr\u00e8s bien ensemble. Cette tablette de Kun\u00e1 est parfaitement \u00e9quilibr\u00e9e avec un peu de sel chipotle (paillettes de chili dans du sel de mer) et apporte une fra\u00eecheur \u00e9pic\u00e9e \u00e0 la saveur chaude de la cardamome. Aucun arbre n&rsquo;a \u00e9t\u00e9 abattu pour l&#8217;emballage. Papier fabriqu\u00e9 \u00e0 partir de fibres de canne \u00e0 sucre. Contient 2 x 30 gr de tablettes.<\/p>\n","protected":false},"featured_media":411,"comment_status":"open","ping_status":"closed","template":"","meta":[],"product_brand":[56],"product_cat":[734,735,15,737,736],"product_tag":[24],"class_list":{"0":"post-410","1":"product","2":"type-product","3":"status-publish","4":"has-post-thumbnail","6":"product_brand-kuna","7":"product_cat-bean-to-bar","8":"product_cat-bio","9":"product_cat-chocolat","10":"product_cat-sans-allergenes","11":"product_cat-vegane","12":"product_tag-visible","13":"product_shipping_class-16","14":"infinite-scroll-item","15":"resize-featured-image","16":"sales-flash-overlay","17":"woocommerce-text-align-center","18":"woocommerce-image-align-center","20":"first","21":"outofstock","22":"taxable","23":"shipping-taxable","24":"purchasable","25":"product-type-simple"},"_links":{"self":[{"href":"https:\/\/clearchox.com\/fr\/wp-json\/wp\/v2\/product\/410","targetHints":{"allow":["GET"]}}],"collection":[{"href":"https:\/\/clearchox.com\/fr\/wp-json\/wp\/v2\/product"}],"about":[{"href":"https:\/\/clearchox.com\/fr\/wp-json\/wp\/v2\/types\/product"}],"replies":[{"embeddable":true,"href":"https:\/\/clearchox.com\/fr\/wp-json\/wp\/v2\/comments?post=410"}],"wp:featuredmedia":[{"embeddable":true,"href":"https:\/\/clearchox.com\/fr\/wp-json\/wp\/v2\/media\/411"}],"wp:attachment":[{"href":"https:\/\/clearchox.com\/fr\/wp-json\/wp\/v2\/media?parent=410"}],"wp:term":[{"taxonomy":"product_brand","embeddable":true,"href":"https:\/\/clearchox.com\/fr\/wp-json\/wp\/v2\/product_brand?post=410"},{"taxonomy":"product_cat","embeddable":true,"href":"https:\/\/clearchox.com\/fr\/wp-json\/wp\/v2\/product_cat?post=410"},{"taxonomy":"product_tag","embeddable":true,"href":"https:\/\/clearchox.com\/fr\/wp-json\/wp\/v2\/product_tag?post=410"}],"curies":[{"name":"wp","href":"https:\/\/api.w.org\/{rel}","templated":true}]}}