{"id":435,"date":"2019-01-13T00:00:00","date_gmt":"2019-01-13T00:00:00","guid":{"rendered":"https:\/\/clearchox.com\/product\/morin-absoluut-peru-63-limited-edition\/"},"modified":"2026-03-30T14:58:42","modified_gmt":"2026-03-30T14:58:42","slug":"morin-absolu-peru-63-limited-edition","status":"publish","type":"product","link":"https:\/\/clearchox.com\/fr\/shop\/morin-absolu-peru-63-limited-edition\/","title":{"rendered":"Morin Absolu P\u00e9rou 63% &#8211; \u00c9dition Limit\u00e9e"},"content":{"rendered":"","protected":false},"excerpt":{"rendered":"<p>Unique, car absolument tous les ingr\u00e9dients de ce chocolat proviennent du m\u00eame terroir, la r\u00e9gion de Chanchamayo au P\u00e9rou. Aucun autre chocolatier n&rsquo;a fait cela. Il a un go\u00fbt fruit\u00e9, frais et avec des notes d&rsquo;\u00e9pices.<\/p>\n","protected":false},"featured_media":84188,"comment_status":"open","ping_status":"closed","template":"","meta":[],"product_brand":[79],"product_cat":[734,15,736],"product_tag":[24],"class_list":{"0":"post-435","1":"product","2":"type-product","3":"status-publish","4":"has-post-thumbnail","6":"product_brand-chocolaterie-a-morin","7":"product_cat-bean-to-bar","8":"product_cat-chocolat","9":"product_cat-vegane","10":"product_tag-visible","11":"product_shipping_class-16","12":"infinite-scroll-item","13":"resize-featured-image","14":"sales-flash-overlay","15":"woocommerce-text-align-center","16":"woocommerce-image-align-center","17":"wc-has-gallery","19":"first","20":"instock","21":"taxable","22":"shipping-taxable","23":"purchasable","24":"product-type-simple"},"_links":{"self":[{"href":"https:\/\/clearchox.com\/fr\/wp-json\/wp\/v2\/product\/435","targetHints":{"allow":["GET"]}}],"collection":[{"href":"https:\/\/clearchox.com\/fr\/wp-json\/wp\/v2\/product"}],"about":[{"href":"https:\/\/clearchox.com\/fr\/wp-json\/wp\/v2\/types\/product"}],"replies":[{"embeddable":true,"href":"https:\/\/clearchox.com\/fr\/wp-json\/wp\/v2\/comments?post=435"}],"wp:featuredmedia":[{"embeddable":true,"href":"https:\/\/clearchox.com\/fr\/wp-json\/wp\/v2\/media\/84188"}],"wp:attachment":[{"href":"https:\/\/clearchox.com\/fr\/wp-json\/wp\/v2\/media?parent=435"}],"wp:term":[{"taxonomy":"product_brand","embeddable":true,"href":"https:\/\/clearchox.com\/fr\/wp-json\/wp\/v2\/product_brand?post=435"},{"taxonomy":"product_cat","embeddable":true,"href":"https:\/\/clearchox.com\/fr\/wp-json\/wp\/v2\/product_cat?post=435"},{"taxonomy":"product_tag","embeddable":true,"href":"https:\/\/clearchox.com\/fr\/wp-json\/wp\/v2\/product_tag?post=435"}],"curies":[{"name":"wp","href":"https:\/\/api.w.org\/{rel}","templated":true}]}}