{"id":446,"date":"2019-02-01T00:00:00","date_gmt":"2019-02-01T00:00:00","guid":{"rendered":"https:\/\/clearchox.com\/product\/soklet-vegan-coconut-crunch-60\/"},"modified":"2026-03-30T14:59:04","modified_gmt":"2026-03-30T14:59:04","slug":"soklet-coconut-crunch-vegan-coconut-milk-chocolate-60","status":"publish","type":"product","link":"https:\/\/clearchox.com\/fr\/shop\/soklet-coconut-crunch-vegan-coconut-milk-chocolate-60\/","title":{"rendered":"Soklet 60% Coco Croquant"},"content":{"rendered":"","protected":false},"excerpt":{"rendered":"<p>Ce chocolat v\u00e9g\u00e9talien est fabriqu\u00e9 avec de la poudre de lait de coco et du sucre de fleur de coco, ce qui lui donne une saveur de noix. Parsem\u00e9 de flocons de coco grill\u00e9s, d\u00e9couvrez une touche croquante \u00e0 la texture cr\u00e9meuse de la barre.<\/p>\n","protected":false},"featured_media":84199,"comment_status":"open","ping_status":"closed","template":"","meta":[],"product_brand":[108],"product_cat":[734,15,736],"product_tag":[24],"class_list":{"0":"post-446","1":"product","2":"type-product","3":"status-publish","4":"has-post-thumbnail","6":"product_brand-soklet","7":"product_cat-bean-to-bar","8":"product_cat-chocolat","9":"product_cat-vegane","10":"product_tag-visible","11":"product_shipping_class-16","12":"infinite-scroll-item","13":"resize-featured-image","14":"sales-flash-overlay","15":"woocommerce-text-align-center","16":"woocommerce-image-align-center","17":"wc-has-gallery","19":"first","20":"instock","21":"taxable","22":"shipping-taxable","23":"purchasable","24":"product-type-simple"},"_links":{"self":[{"href":"https:\/\/clearchox.com\/fr\/wp-json\/wp\/v2\/product\/446","targetHints":{"allow":["GET"]}}],"collection":[{"href":"https:\/\/clearchox.com\/fr\/wp-json\/wp\/v2\/product"}],"about":[{"href":"https:\/\/clearchox.com\/fr\/wp-json\/wp\/v2\/types\/product"}],"replies":[{"embeddable":true,"href":"https:\/\/clearchox.com\/fr\/wp-json\/wp\/v2\/comments?post=446"}],"wp:featuredmedia":[{"embeddable":true,"href":"https:\/\/clearchox.com\/fr\/wp-json\/wp\/v2\/media\/84199"}],"wp:attachment":[{"href":"https:\/\/clearchox.com\/fr\/wp-json\/wp\/v2\/media?parent=446"}],"wp:term":[{"taxonomy":"product_brand","embeddable":true,"href":"https:\/\/clearchox.com\/fr\/wp-json\/wp\/v2\/product_brand?post=446"},{"taxonomy":"product_cat","embeddable":true,"href":"https:\/\/clearchox.com\/fr\/wp-json\/wp\/v2\/product_cat?post=446"},{"taxonomy":"product_tag","embeddable":true,"href":"https:\/\/clearchox.com\/fr\/wp-json\/wp\/v2\/product_tag?post=446"}],"curies":[{"name":"wp","href":"https:\/\/api.w.org\/{rel}","templated":true}]}}