{"id":447,"date":"2019-02-03T00:00:00","date_gmt":"2019-02-03T00:00:00","guid":{"rendered":"https:\/\/clearchox.com\/product\/soklet-puur-met-gekonfijte-gember-60\/"},"modified":"2026-02-25T19:13:31","modified_gmt":"2026-02-25T19:13:31","slug":"soklet-dark-with-candied-ginger-60","status":"publish","type":"product","link":"https:\/\/clearchox.com\/fr\/shop\/soklet-dark-with-candied-ginger-60\/","title":{"rendered":"Soklet 60% Noir avec Gingembre Confit"},"content":{"rendered":"","protected":false},"excerpt":{"rendered":"<p>Le gingembre confit croquant ajoute sa saveur unique au chocolat noir mi-sucr\u00e9 pour lui donner une touche sucr\u00e9e et \u00e9pic\u00e9e. Go\u00fbtez la chaleur et le piquant du gingembre \u00e0 chaque bouch\u00e9e !<\/p>\n","protected":false},"featured_media":84198,"comment_status":"open","ping_status":"closed","template":"","meta":[],"product_brand":[108],"product_cat":[733,734,15,736],"product_tag":[24],"class_list":{"0":"post-447","1":"product","2":"type-product","3":"status-publish","4":"has-post-thumbnail","6":"product_brand-soklet","7":"product_cat-awards","8":"product_cat-bean-to-bar","9":"product_cat-chocolat","10":"product_cat-vegane","11":"product_tag-visible","12":"product_shipping_class-16","13":"infinite-scroll-item","14":"resize-featured-image","15":"sales-flash-overlay","16":"woocommerce-text-align-center","17":"woocommerce-image-align-center","18":"wc-has-gallery","20":"first","21":"outofstock","22":"taxable","23":"shipping-taxable","24":"purchasable","25":"product-type-simple"},"_links":{"self":[{"href":"https:\/\/clearchox.com\/fr\/wp-json\/wp\/v2\/product\/447","targetHints":{"allow":["GET"]}}],"collection":[{"href":"https:\/\/clearchox.com\/fr\/wp-json\/wp\/v2\/product"}],"about":[{"href":"https:\/\/clearchox.com\/fr\/wp-json\/wp\/v2\/types\/product"}],"replies":[{"embeddable":true,"href":"https:\/\/clearchox.com\/fr\/wp-json\/wp\/v2\/comments?post=447"}],"wp:featuredmedia":[{"embeddable":true,"href":"https:\/\/clearchox.com\/fr\/wp-json\/wp\/v2\/media\/84198"}],"wp:attachment":[{"href":"https:\/\/clearchox.com\/fr\/wp-json\/wp\/v2\/media?parent=447"}],"wp:term":[{"taxonomy":"product_brand","embeddable":true,"href":"https:\/\/clearchox.com\/fr\/wp-json\/wp\/v2\/product_brand?post=447"},{"taxonomy":"product_cat","embeddable":true,"href":"https:\/\/clearchox.com\/fr\/wp-json\/wp\/v2\/product_cat?post=447"},{"taxonomy":"product_tag","embeddable":true,"href":"https:\/\/clearchox.com\/fr\/wp-json\/wp\/v2\/product_tag?post=447"}],"curies":[{"name":"wp","href":"https:\/\/api.w.org\/{rel}","templated":true}]}}