{"id":459,"date":"2019-04-01T00:00:00","date_gmt":"2019-04-01T00:00:00","guid":{"rendered":"https:\/\/clearchox.com\/product\/krakakoa-arenga-100\/"},"modified":"2026-01-22T15:48:55","modified_gmt":"2026-01-22T15:48:55","slug":"krakakoa-arenga-100","status":"publish","type":"product","link":"https:\/\/clearchox.com\/fr\/shop\/krakakoa-arenga-100\/","title":{"rendered":"Krakakoa &#8211; Arenga 100%"},"content":{"rendered":"","protected":false},"excerpt":{"rendered":"<p>Gagnant de la m\u00e9daille de bronze de l&rsquo;Acad\u00e9mie du Chocolat 2018. D\u00e9licieux cacao aromatique frais de Sumatra avec un go\u00fbt tr\u00e8s doux. Cela rend le 100% tr\u00e8s accessible.<\/p>\n","protected":false},"featured_media":84213,"comment_status":"open","ping_status":"closed","template":"","meta":[],"product_brand":[105],"product_cat":[733,734,15,736],"product_tag":[24],"class_list":{"0":"post-459","1":"product","2":"type-product","3":"status-publish","4":"has-post-thumbnail","6":"product_brand-krakakoa","7":"product_cat-awards","8":"product_cat-bean-to-bar","9":"product_cat-chocolat","10":"product_cat-vegane","11":"product_tag-visible","12":"product_shipping_class-16","13":"infinite-scroll-item","14":"resize-featured-image","15":"sales-flash-overlay","16":"woocommerce-text-align-center","17":"woocommerce-image-align-center","18":"wc-has-gallery","20":"first","21":"outofstock","22":"taxable","23":"shipping-taxable","24":"purchasable","25":"product-type-simple"},"_links":{"self":[{"href":"https:\/\/clearchox.com\/fr\/wp-json\/wp\/v2\/product\/459","targetHints":{"allow":["GET"]}}],"collection":[{"href":"https:\/\/clearchox.com\/fr\/wp-json\/wp\/v2\/product"}],"about":[{"href":"https:\/\/clearchox.com\/fr\/wp-json\/wp\/v2\/types\/product"}],"replies":[{"embeddable":true,"href":"https:\/\/clearchox.com\/fr\/wp-json\/wp\/v2\/comments?post=459"}],"wp:featuredmedia":[{"embeddable":true,"href":"https:\/\/clearchox.com\/fr\/wp-json\/wp\/v2\/media\/84213"}],"wp:attachment":[{"href":"https:\/\/clearchox.com\/fr\/wp-json\/wp\/v2\/media?parent=459"}],"wp:term":[{"taxonomy":"product_brand","embeddable":true,"href":"https:\/\/clearchox.com\/fr\/wp-json\/wp\/v2\/product_brand?post=459"},{"taxonomy":"product_cat","embeddable":true,"href":"https:\/\/clearchox.com\/fr\/wp-json\/wp\/v2\/product_cat?post=459"},{"taxonomy":"product_tag","embeddable":true,"href":"https:\/\/clearchox.com\/fr\/wp-json\/wp\/v2\/product_tag?post=459"}],"curies":[{"name":"wp","href":"https:\/\/api.w.org\/{rel}","templated":true}]}}