{"id":466,"date":"2019-06-18T00:00:00","date_gmt":"2019-06-18T00:00:00","guid":{"rendered":"https:\/\/clearchox.com\/product\/original-beans-femmes-de-virunga-melkchocolade-55-bio\/"},"modified":"2026-04-07T14:23:58","modified_gmt":"2026-04-07T14:23:58","slug":"original-beans-femmes-de-virunga-milk-chocolate-55-bio","status":"publish","type":"product","link":"https:\/\/clearchox.com\/fr\/shop\/original-beans-femmes-de-virunga-milk-chocolate-55-bio\/","title":{"rendered":"Original Beans Femmes de Virunga Chocolat au Lait 55% BIO"},"content":{"rendered":"","protected":false},"excerpt":{"rendered":"<p>Un chocolat noir au lait \u00e9labor\u00e9 \u00e0 partir de f\u00e8ves de cacao du Parc National des Virunga au Congo. L&rsquo;achat de cette tablette renforce la position des agriculteurs locaux de cacao dans leur r\u00f4le de leader pour la paix et la prosp\u00e9rit\u00e9 dans l&rsquo;est du Congo.<\/p>\n","protected":false},"featured_media":87905,"comment_status":"open","ping_status":"closed","template":"","meta":[],"product_brand":[27],"product_cat":[735,15],"product_tag":[24],"class_list":{"0":"post-466","1":"product","2":"type-product","3":"status-publish","4":"has-post-thumbnail","6":"product_brand-original-beans","7":"product_cat-bio","8":"product_cat-chocolat","9":"product_tag-visible","10":"product_shipping_class-16","11":"infinite-scroll-item","12":"resize-featured-image","13":"sales-flash-overlay","14":"woocommerce-text-align-center","15":"woocommerce-image-align-center","16":"wc-has-gallery","18":"first","19":"instock","20":"taxable","21":"shipping-taxable","22":"purchasable","23":"product-type-simple"},"_links":{"self":[{"href":"https:\/\/clearchox.com\/fr\/wp-json\/wp\/v2\/product\/466","targetHints":{"allow":["GET"]}}],"collection":[{"href":"https:\/\/clearchox.com\/fr\/wp-json\/wp\/v2\/product"}],"about":[{"href":"https:\/\/clearchox.com\/fr\/wp-json\/wp\/v2\/types\/product"}],"replies":[{"embeddable":true,"href":"https:\/\/clearchox.com\/fr\/wp-json\/wp\/v2\/comments?post=466"}],"wp:featuredmedia":[{"embeddable":true,"href":"https:\/\/clearchox.com\/fr\/wp-json\/wp\/v2\/media\/87905"}],"wp:attachment":[{"href":"https:\/\/clearchox.com\/fr\/wp-json\/wp\/v2\/media?parent=466"}],"wp:term":[{"taxonomy":"product_brand","embeddable":true,"href":"https:\/\/clearchox.com\/fr\/wp-json\/wp\/v2\/product_brand?post=466"},{"taxonomy":"product_cat","embeddable":true,"href":"https:\/\/clearchox.com\/fr\/wp-json\/wp\/v2\/product_cat?post=466"},{"taxonomy":"product_tag","embeddable":true,"href":"https:\/\/clearchox.com\/fr\/wp-json\/wp\/v2\/product_tag?post=466"}],"curies":[{"name":"wp","href":"https:\/\/api.w.org\/{rel}","templated":true}]}}