{"id":468,"date":"2019-06-25T00:00:00","date_gmt":"2019-06-25T00:00:00","guid":{"rendered":"https:\/\/clearchox.com\/product\/original-beans-arhuaco-82\/"},"modified":"2026-04-07T14:24:02","modified_gmt":"2026-04-07T14:24:02","slug":"original-beans-arhuaco-82","status":"publish","type":"product","link":"https:\/\/clearchox.com\/fr\/shop\/original-beans-arhuaco-82\/","title":{"rendered":"Original Beans Arhuaco 82% BIO"},"content":{"rendered":"","protected":false},"excerpt":{"rendered":"<p>Ce chocolat a le go\u00fbt d&rsquo;\u00e9pices douces, de r\u00e9glisse et de s\u00e9same du cacao historique de Businchari, fabriqu\u00e9 selon les traditions de la tribu Arhuaco, en Colombie. Une tablette qui pr\u00e9serve l&rsquo;harmonie naturelle du monde.<\/p>\n","protected":false},"featured_media":84246,"comment_status":"open","ping_status":"closed","template":"","meta":[],"product_brand":[27],"product_cat":[15,736],"product_tag":[24],"class_list":{"0":"post-468","1":"product","2":"type-product","3":"status-publish","4":"has-post-thumbnail","6":"product_brand-original-beans","7":"product_cat-chocolat","8":"product_cat-vegane","9":"product_tag-visible","10":"product_shipping_class-16","11":"infinite-scroll-item","12":"resize-featured-image","13":"sales-flash-overlay","14":"woocommerce-text-align-center","15":"woocommerce-image-align-center","16":"wc-has-gallery","18":"first","19":"instock","20":"taxable","21":"shipping-taxable","22":"purchasable","23":"product-type-simple"},"_links":{"self":[{"href":"https:\/\/clearchox.com\/fr\/wp-json\/wp\/v2\/product\/468","targetHints":{"allow":["GET"]}}],"collection":[{"href":"https:\/\/clearchox.com\/fr\/wp-json\/wp\/v2\/product"}],"about":[{"href":"https:\/\/clearchox.com\/fr\/wp-json\/wp\/v2\/types\/product"}],"replies":[{"embeddable":true,"href":"https:\/\/clearchox.com\/fr\/wp-json\/wp\/v2\/comments?post=468"}],"wp:featuredmedia":[{"embeddable":true,"href":"https:\/\/clearchox.com\/fr\/wp-json\/wp\/v2\/media\/84246"}],"wp:attachment":[{"href":"https:\/\/clearchox.com\/fr\/wp-json\/wp\/v2\/media?parent=468"}],"wp:term":[{"taxonomy":"product_brand","embeddable":true,"href":"https:\/\/clearchox.com\/fr\/wp-json\/wp\/v2\/product_brand?post=468"},{"taxonomy":"product_cat","embeddable":true,"href":"https:\/\/clearchox.com\/fr\/wp-json\/wp\/v2\/product_cat?post=468"},{"taxonomy":"product_tag","embeddable":true,"href":"https:\/\/clearchox.com\/fr\/wp-json\/wp\/v2\/product_tag?post=468"}],"curies":[{"name":"wp","href":"https:\/\/api.w.org\/{rel}","templated":true}]}}