{"id":469,"date":"2019-06-25T00:00:00","date_gmt":"2019-06-25T00:00:00","guid":{"rendered":"https:\/\/clearchox.com\/product\/original-beans-cusco-100-bio\/"},"modified":"2026-04-07T14:24:00","modified_gmt":"2026-04-07T14:24:00","slug":"original-beans-cusco-100-bio","status":"publish","type":"product","link":"https:\/\/clearchox.com\/fr\/shop\/original-beans-cusco-100-bio\/","title":{"rendered":"Original Beans Cusco 100% BIO"},"content":{"rendered":"","protected":false},"excerpt":{"rendered":"<p>Les saveurs de fleurs s\u00e9ch\u00e9es et d&rsquo;herbe mettent en valeur le summum absolu de ce rare cacao Chuncho, du territoire du puissant condor. Et c&rsquo;est pr\u00e8s de Machu Picchu, le c\u00e9l\u00e8bre sanctuaire historique des Incas.<\/p>\n","protected":false},"featured_media":87903,"comment_status":"open","ping_status":"closed","template":"","meta":[],"product_brand":[27],"product_cat":[735,15,736],"product_tag":[24],"class_list":{"0":"post-469","1":"product","2":"type-product","3":"status-publish","4":"has-post-thumbnail","6":"product_brand-original-beans","7":"product_cat-bio","8":"product_cat-chocolat","9":"product_cat-vegane","10":"product_tag-visible","11":"product_shipping_class-16","12":"infinite-scroll-item","13":"resize-featured-image","14":"sales-flash-overlay","15":"woocommerce-text-align-center","16":"woocommerce-image-align-center","17":"wc-has-gallery","19":"first","20":"instock","21":"taxable","22":"shipping-taxable","23":"purchasable","24":"product-type-simple"},"_links":{"self":[{"href":"https:\/\/clearchox.com\/fr\/wp-json\/wp\/v2\/product\/469","targetHints":{"allow":["GET"]}}],"collection":[{"href":"https:\/\/clearchox.com\/fr\/wp-json\/wp\/v2\/product"}],"about":[{"href":"https:\/\/clearchox.com\/fr\/wp-json\/wp\/v2\/types\/product"}],"replies":[{"embeddable":true,"href":"https:\/\/clearchox.com\/fr\/wp-json\/wp\/v2\/comments?post=469"}],"wp:featuredmedia":[{"embeddable":true,"href":"https:\/\/clearchox.com\/fr\/wp-json\/wp\/v2\/media\/87903"}],"wp:attachment":[{"href":"https:\/\/clearchox.com\/fr\/wp-json\/wp\/v2\/media?parent=469"}],"wp:term":[{"taxonomy":"product_brand","embeddable":true,"href":"https:\/\/clearchox.com\/fr\/wp-json\/wp\/v2\/product_brand?post=469"},{"taxonomy":"product_cat","embeddable":true,"href":"https:\/\/clearchox.com\/fr\/wp-json\/wp\/v2\/product_cat?post=469"},{"taxonomy":"product_tag","embeddable":true,"href":"https:\/\/clearchox.com\/fr\/wp-json\/wp\/v2\/product_tag?post=469"}],"curies":[{"name":"wp","href":"https:\/\/api.w.org\/{rel}","templated":true}]}}