{"id":472,"date":"2019-07-04T00:00:00","date_gmt":"2019-07-04T00:00:00","guid":{"rendered":"https:\/\/clearchox.com\/product\/kuna-cacaoboter-25-kg-allergenenvrij-bio\/"},"modified":"2025-07-07T08:26:45","modified_gmt":"2025-07-07T08:26:45","slug":"kuna-cocoa-butter-25-kg-allergen-free-bio","status":"publish","type":"product","link":"https:\/\/clearchox.com\/fr\/shop\/kuna-cocoa-butter-25-kg-allergen-free-bio\/","title":{"rendered":"Kun\u00e1 Beurre de Cacao 2,5 kg Sans Allerg\u00e8nes BIO"},"content":{"rendered":"","protected":false},"excerpt":{"rendered":"<p>Ce beurre de cacao n&rsquo;est pas d\u00e9sodoris\u00e9 et contient donc le d\u00e9licieux ar\u00f4me floral du chocolat des f\u00e8ves de cacao Arriba avec ses caract\u00e9ristiques naturelles.<\/p>\n","protected":false},"featured_media":89423,"comment_status":"open","ping_status":"closed","template":"","meta":[],"product_brand":[56],"product_cat":[734,735,15,737,736],"product_tag":[24],"class_list":{"0":"post-472","1":"product","2":"type-product","3":"status-publish","4":"has-post-thumbnail","6":"product_brand-kuna","7":"product_cat-bean-to-bar","8":"product_cat-bio","9":"product_cat-chocolat","10":"product_cat-sans-allergenes","11":"product_cat-vegane","12":"product_tag-visible","13":"product_shipping_class-16","14":"infinite-scroll-item","15":"resize-featured-image","16":"sales-flash-overlay","17":"woocommerce-text-align-center","18":"woocommerce-image-align-center","19":"wc-has-gallery","21":"first","22":"outofstock","23":"taxable","24":"shipping-taxable","25":"purchasable","26":"product-type-simple"},"_links":{"self":[{"href":"https:\/\/clearchox.com\/fr\/wp-json\/wp\/v2\/product\/472","targetHints":{"allow":["GET"]}}],"collection":[{"href":"https:\/\/clearchox.com\/fr\/wp-json\/wp\/v2\/product"}],"about":[{"href":"https:\/\/clearchox.com\/fr\/wp-json\/wp\/v2\/types\/product"}],"replies":[{"embeddable":true,"href":"https:\/\/clearchox.com\/fr\/wp-json\/wp\/v2\/comments?post=472"}],"wp:featuredmedia":[{"embeddable":true,"href":"https:\/\/clearchox.com\/fr\/wp-json\/wp\/v2\/media\/89423"}],"wp:attachment":[{"href":"https:\/\/clearchox.com\/fr\/wp-json\/wp\/v2\/media?parent=472"}],"wp:term":[{"taxonomy":"product_brand","embeddable":true,"href":"https:\/\/clearchox.com\/fr\/wp-json\/wp\/v2\/product_brand?post=472"},{"taxonomy":"product_cat","embeddable":true,"href":"https:\/\/clearchox.com\/fr\/wp-json\/wp\/v2\/product_cat?post=472"},{"taxonomy":"product_tag","embeddable":true,"href":"https:\/\/clearchox.com\/fr\/wp-json\/wp\/v2\/product_tag?post=472"}],"curies":[{"name":"wp","href":"https:\/\/api.w.org\/{rel}","templated":true}]}}