{"id":487,"date":"2019-07-15T00:00:00","date_gmt":"2019-07-15T00:00:00","guid":{"rendered":"https:\/\/clearchox.com\/product\/morin-peru-pablino-70-bio\/"},"modified":"2026-03-30T14:58:44","modified_gmt":"2026-03-30T14:58:44","slug":"morin-peru-pablino-70-bio","status":"publish","type":"product","link":"https:\/\/clearchox.com\/fr\/shop\/morin-peru-pablino-70-bio\/","title":{"rendered":"Morin P\u00e9rou Pablino 70% BIO"},"content":{"rendered":"","protected":false},"excerpt":{"rendered":"<p>Les f\u00e8ves de cacao utilis\u00e9es pour cette tablette poussent dans les contreforts des Andes, dans le centre du P\u00e9rou. Elles proviennent d&rsquo;un seul domaine o\u00f9 l&rsquo;agriculteur exploite une plantation biologique avec des arbres m\u00e9lang\u00e9s. Le chocolat a une note finale fruit\u00e9e et l\u00e9g\u00e8rement poivr\u00e9e.<\/p>\n","protected":false},"featured_media":84325,"comment_status":"open","ping_status":"closed","template":"","meta":[],"product_brand":[79],"product_cat":[734,735,15,736],"product_tag":[24],"class_list":{"0":"post-487","1":"product","2":"type-product","3":"status-publish","4":"has-post-thumbnail","6":"product_brand-chocolaterie-a-morin","7":"product_cat-bean-to-bar","8":"product_cat-bio","9":"product_cat-chocolat","10":"product_cat-vegane","11":"product_tag-visible","12":"product_shipping_class-16","13":"infinite-scroll-item","14":"resize-featured-image","15":"sales-flash-overlay","16":"woocommerce-text-align-center","17":"woocommerce-image-align-center","18":"wc-has-gallery","20":"first","21":"instock","22":"taxable","23":"shipping-taxable","24":"purchasable","25":"product-type-simple"},"_links":{"self":[{"href":"https:\/\/clearchox.com\/fr\/wp-json\/wp\/v2\/product\/487","targetHints":{"allow":["GET"]}}],"collection":[{"href":"https:\/\/clearchox.com\/fr\/wp-json\/wp\/v2\/product"}],"about":[{"href":"https:\/\/clearchox.com\/fr\/wp-json\/wp\/v2\/types\/product"}],"replies":[{"embeddable":true,"href":"https:\/\/clearchox.com\/fr\/wp-json\/wp\/v2\/comments?post=487"}],"wp:featuredmedia":[{"embeddable":true,"href":"https:\/\/clearchox.com\/fr\/wp-json\/wp\/v2\/media\/84325"}],"wp:attachment":[{"href":"https:\/\/clearchox.com\/fr\/wp-json\/wp\/v2\/media?parent=487"}],"wp:term":[{"taxonomy":"product_brand","embeddable":true,"href":"https:\/\/clearchox.com\/fr\/wp-json\/wp\/v2\/product_brand?post=487"},{"taxonomy":"product_cat","embeddable":true,"href":"https:\/\/clearchox.com\/fr\/wp-json\/wp\/v2\/product_cat?post=487"},{"taxonomy":"product_tag","embeddable":true,"href":"https:\/\/clearchox.com\/fr\/wp-json\/wp\/v2\/product_tag?post=487"}],"curies":[{"name":"wp","href":"https:\/\/api.w.org\/{rel}","templated":true}]}}