{"id":489,"date":"2019-07-15T00:00:00","date_gmt":"2019-07-15T00:00:00","guid":{"rendered":"https:\/\/clearchox.com\/product\/morin-bolivia-ekeko-70\/"},"modified":"2026-03-30T14:58:45","modified_gmt":"2026-03-30T14:58:45","slug":"morin-bolivia-ekeko-70","status":"publish","type":"product","link":"https:\/\/clearchox.com\/fr\/shop\/morin-bolivia-ekeko-70\/","title":{"rendered":"Morin Bolivie Ekeko 70%"},"content":{"rendered":"","protected":false},"excerpt":{"rendered":"<p>Produit \u00e0 partir de f\u00e8ves de cacao r\u00e9colt\u00e9es \u00e0 l&rsquo;\u00e9tat sauvage par deux peuples autochtones de l&rsquo;Amazonie bolivienne, ce chocolat a un go\u00fbt bois\u00e9, avec des notes fruit\u00e9es prononc\u00e9es, suivies d&rsquo;une douceur miell\u00e9e.<\/p>\n","protected":false},"featured_media":84331,"comment_status":"open","ping_status":"closed","template":"","meta":[],"product_brand":[79],"product_cat":[734,15,736],"product_tag":[24],"class_list":{"0":"post-489","1":"product","2":"type-product","3":"status-publish","4":"has-post-thumbnail","6":"product_brand-chocolaterie-a-morin","7":"product_cat-bean-to-bar","8":"product_cat-chocolat","9":"product_cat-vegane","10":"product_tag-visible","11":"product_shipping_class-16","12":"infinite-scroll-item","13":"resize-featured-image","14":"sales-flash-overlay","15":"woocommerce-text-align-center","16":"woocommerce-image-align-center","17":"wc-has-gallery","19":"first","20":"instock","21":"taxable","22":"shipping-taxable","23":"purchasable","24":"product-type-simple"},"_links":{"self":[{"href":"https:\/\/clearchox.com\/fr\/wp-json\/wp\/v2\/product\/489","targetHints":{"allow":["GET"]}}],"collection":[{"href":"https:\/\/clearchox.com\/fr\/wp-json\/wp\/v2\/product"}],"about":[{"href":"https:\/\/clearchox.com\/fr\/wp-json\/wp\/v2\/types\/product"}],"replies":[{"embeddable":true,"href":"https:\/\/clearchox.com\/fr\/wp-json\/wp\/v2\/comments?post=489"}],"wp:featuredmedia":[{"embeddable":true,"href":"https:\/\/clearchox.com\/fr\/wp-json\/wp\/v2\/media\/84331"}],"wp:attachment":[{"href":"https:\/\/clearchox.com\/fr\/wp-json\/wp\/v2\/media?parent=489"}],"wp:term":[{"taxonomy":"product_brand","embeddable":true,"href":"https:\/\/clearchox.com\/fr\/wp-json\/wp\/v2\/product_brand?post=489"},{"taxonomy":"product_cat","embeddable":true,"href":"https:\/\/clearchox.com\/fr\/wp-json\/wp\/v2\/product_cat?post=489"},{"taxonomy":"product_tag","embeddable":true,"href":"https:\/\/clearchox.com\/fr\/wp-json\/wp\/v2\/product_tag?post=489"}],"curies":[{"name":"wp","href":"https:\/\/api.w.org\/{rel}","templated":true}]}}