{"id":490,"date":"2019-07-16T00:00:00","date_gmt":"2019-07-16T00:00:00","guid":{"rendered":"https:\/\/clearchox.com\/product\/morin-venezuela-chuao-70\/"},"modified":"2026-03-30T14:58:41","modified_gmt":"2026-03-30T14:58:41","slug":"morin-venezuela-chuao-70","status":"publish","type":"product","link":"https:\/\/clearchox.com\/fr\/shop\/morin-venezuela-chuao-70\/","title":{"rendered":"Morin Venezuela Chuao 70%"},"content":{"rendered":"","protected":false},"excerpt":{"rendered":"<p>Le village v\u00e9n\u00e9zu\u00e9lien de Chuao est dans un endroit isol\u00e9 et ne peut \u00eatre atteint que par bateau par la mer ou \u00e0 pied par les montagnes. Une vari\u00e9t\u00e9 de cacao unique s&rsquo;y est d\u00e9velopp\u00e9e, avec des saveurs tr\u00e8s fruit\u00e9es de baies rouges, de fraises et de prunes.<\/p>\n","protected":false},"featured_media":84337,"comment_status":"open","ping_status":"closed","template":"","meta":[],"product_brand":[79],"product_cat":[734,15,736],"product_tag":[24],"class_list":{"0":"post-490","1":"product","2":"type-product","3":"status-publish","4":"has-post-thumbnail","6":"product_brand-chocolaterie-a-morin","7":"product_cat-bean-to-bar","8":"product_cat-chocolat","9":"product_cat-vegane","10":"product_tag-visible","11":"product_shipping_class-16","12":"infinite-scroll-item","13":"resize-featured-image","14":"sales-flash-overlay","15":"woocommerce-text-align-center","16":"woocommerce-image-align-center","17":"wc-has-gallery","19":"first","20":"instock","21":"taxable","22":"shipping-taxable","23":"purchasable","24":"product-type-simple"},"_links":{"self":[{"href":"https:\/\/clearchox.com\/fr\/wp-json\/wp\/v2\/product\/490","targetHints":{"allow":["GET"]}}],"collection":[{"href":"https:\/\/clearchox.com\/fr\/wp-json\/wp\/v2\/product"}],"about":[{"href":"https:\/\/clearchox.com\/fr\/wp-json\/wp\/v2\/types\/product"}],"replies":[{"embeddable":true,"href":"https:\/\/clearchox.com\/fr\/wp-json\/wp\/v2\/comments?post=490"}],"wp:featuredmedia":[{"embeddable":true,"href":"https:\/\/clearchox.com\/fr\/wp-json\/wp\/v2\/media\/84337"}],"wp:attachment":[{"href":"https:\/\/clearchox.com\/fr\/wp-json\/wp\/v2\/media?parent=490"}],"wp:term":[{"taxonomy":"product_brand","embeddable":true,"href":"https:\/\/clearchox.com\/fr\/wp-json\/wp\/v2\/product_brand?post=490"},{"taxonomy":"product_cat","embeddable":true,"href":"https:\/\/clearchox.com\/fr\/wp-json\/wp\/v2\/product_cat?post=490"},{"taxonomy":"product_tag","embeddable":true,"href":"https:\/\/clearchox.com\/fr\/wp-json\/wp\/v2\/product_tag?post=490"}],"curies":[{"name":"wp","href":"https:\/\/api.w.org\/{rel}","templated":true}]}}