{"id":497,"date":"2019-08-01T00:00:00","date_gmt":"2019-08-01T00:00:00","guid":{"rendered":"https:\/\/clearchox.com\/product\/auro-saloy-puur-70\/"},"modified":"2026-03-30T14:58:31","modified_gmt":"2026-03-30T14:58:31","slug":"auro-saloy-noir-70","status":"publish","type":"product","link":"https:\/\/clearchox.com\/fr\/shop\/auro-saloy-noir-70\/","title":{"rendered":"Auro Saloy Noir 70%"},"content":{"rendered":"<p><strong>Ingr\u00e9dients<\/strong> : f\u00e8ves de cacao, sucre de canne, beurre de cacao.<\/p>\n<p><span style=\"color: #993300;\"><strong>Peut contenir des traces de lait, de fruits \u00e0 coque, d&rsquo;arachides et de soja.<\/strong><\/span><\/p>\n<p>&nbsp;<\/p>\n<table width=\"593\">\n<tbody>\n<tr>\n<td width=\"333\"><strong>Nutritional values\/N\u00e4hrwerte\/Voedingswaarde\/Valeurs nutritionnelles<\/strong><\/td>\n<td width=\"260\"><strong>per\/pro\/per\/pour 100 g<\/strong><\/td>\n<\/tr>\n<tr>\n<td>Energy\/Energie\/Valeur \u00e9nerg\u00e9tique<\/td>\n<td>550 kcal \/ 2301 kJ<\/td>\n<\/tr>\n<tr>\n<td>Fat\/Fett\/Vetten\/Lipides<\/td>\n<td>38 g<\/td>\n<\/tr>\n<tr>\n<td>of which saturated\/davon ges\u00e4ttigte Fetts\u00e4uren\/waarvan verzadigd\/dont acides gras satur\u00e9s<\/td>\n<td>23 g<\/td>\n<\/tr>\n<tr>\n<td>Carbohydrates\/Kohlenhydrate\/Koolhydraten\/Glucides<\/td>\n<td>46 g<\/td>\n<\/tr>\n<tr>\n<td>of which sugar\/davon Zucker\/waarvan suiker\/dont sucre<\/td>\n<td>30 g<\/td>\n<\/tr>\n<tr>\n<td>Proteins\/Eiweiss\/Eiwitten\/Prot\u00e9ines<\/td>\n<td>8 g<\/td>\n<\/tr>\n<tr>\n<td>Salt\/Salz\/Zout\/Sel<\/td>\n<td>2 mg (0,002 g)<\/td>\n<\/tr>\n<\/tbody>\n<\/table>\n<p>&nbsp;<\/p>\n","protected":false},"excerpt":{"rendered":"<p>Situ\u00e9 dans les montagnes tropicales, Saloy est aliment\u00e9 par l&rsquo;eau fra\u00eeche des sources qui coule \u00e0 travers ses fermes luxuriantes, conf\u00e9rant \u00e0 ce chocolat des notes dynamiques d&rsquo;herbes, de bergamote et de cerises.<\/p>\n","protected":false},"featured_media":84356,"comment_status":"open","ping_status":"closed","template":"","meta":[],"product_brand":[116],"product_cat":[733,734,15,736],"product_tag":[1144,1127,1149,24],"class_list":{"0":"post-497","1":"product","2":"type-product","3":"status-publish","4":"has-post-thumbnail","6":"product_brand-auro","7":"product_cat-awards","8":"product_cat-bean-to-bar","9":"product_cat-chocolat","10":"product_cat-vegane","11":"product_tag-chocolat","12":"product_tag-noir","13":"product_tag-saloy","14":"product_tag-visible","15":"product_shipping_class-16","16":"infinite-scroll-item","17":"resize-featured-image","18":"sales-flash-overlay","19":"woocommerce-text-align-center","20":"woocommerce-image-align-center","21":"wc-has-gallery","23":"first","24":"instock","25":"taxable","26":"shipping-taxable","27":"purchasable","28":"product-type-simple"},"_links":{"self":[{"href":"https:\/\/clearchox.com\/fr\/wp-json\/wp\/v2\/product\/497","targetHints":{"allow":["GET"]}}],"collection":[{"href":"https:\/\/clearchox.com\/fr\/wp-json\/wp\/v2\/product"}],"about":[{"href":"https:\/\/clearchox.com\/fr\/wp-json\/wp\/v2\/types\/product"}],"replies":[{"embeddable":true,"href":"https:\/\/clearchox.com\/fr\/wp-json\/wp\/v2\/comments?post=497"}],"wp:featuredmedia":[{"embeddable":true,"href":"https:\/\/clearchox.com\/fr\/wp-json\/wp\/v2\/media\/84356"}],"wp:attachment":[{"href":"https:\/\/clearchox.com\/fr\/wp-json\/wp\/v2\/media?parent=497"}],"wp:term":[{"taxonomy":"product_brand","embeddable":true,"href":"https:\/\/clearchox.com\/fr\/wp-json\/wp\/v2\/product_brand?post=497"},{"taxonomy":"product_cat","embeddable":true,"href":"https:\/\/clearchox.com\/fr\/wp-json\/wp\/v2\/product_cat?post=497"},{"taxonomy":"product_tag","embeddable":true,"href":"https:\/\/clearchox.com\/fr\/wp-json\/wp\/v2\/product_tag?post=497"}],"curies":[{"name":"wp","href":"https:\/\/api.w.org\/{rel}","templated":true}]}}