{"id":51,"date":"2012-04-18T00:00:00","date_gmt":"2012-04-18T00:00:00","guid":{"rendered":"https:\/\/clearchox.com\/product\/original-beans-esmeraldas-melkchocolade-42-bio\/"},"modified":"2026-04-07T18:23:18","modified_gmt":"2026-04-07T18:23:18","slug":"original-beans-esmeraldas-milk-chocolate-42-bio","status":"publish","type":"product","link":"https:\/\/clearchox.com\/fr\/shop\/original-beans-esmeraldas-milk-chocolate-42-bio\/","title":{"rendered":"Original Beans Chocolat au Lait Esmeraldas 42% BIO"},"content":{"rendered":"","protected":false},"excerpt":{"rendered":"<p>Un magnifique chocolat au lait harmonieux, \u00e0 base de f\u00e8ves de cacao bio Arriba\/Nacional provenant de l&rsquo;Esmeraldas en \u00c9quateur. Agr\u00e9ment\u00e9 d&rsquo;une touche de sel. D\u00e9licieux !<\/p>\n","protected":false},"featured_media":87904,"comment_status":"open","ping_status":"closed","template":"","meta":[],"product_brand":[27],"product_cat":[735,15],"product_tag":[24],"class_list":{"0":"post-51","1":"product","2":"type-product","3":"status-publish","4":"has-post-thumbnail","6":"product_brand-original-beans","7":"product_cat-bio","8":"product_cat-chocolat","9":"product_tag-visible","10":"product_shipping_class-16","11":"infinite-scroll-item","12":"resize-featured-image","13":"sales-flash-overlay","14":"woocommerce-text-align-center","15":"woocommerce-image-align-center","16":"wc-has-gallery","18":"first","19":"instock","20":"taxable","21":"shipping-taxable","22":"purchasable","23":"product-type-simple"},"_links":{"self":[{"href":"https:\/\/clearchox.com\/fr\/wp-json\/wp\/v2\/product\/51","targetHints":{"allow":["GET"]}}],"collection":[{"href":"https:\/\/clearchox.com\/fr\/wp-json\/wp\/v2\/product"}],"about":[{"href":"https:\/\/clearchox.com\/fr\/wp-json\/wp\/v2\/types\/product"}],"replies":[{"embeddable":true,"href":"https:\/\/clearchox.com\/fr\/wp-json\/wp\/v2\/comments?post=51"}],"wp:featuredmedia":[{"embeddable":true,"href":"https:\/\/clearchox.com\/fr\/wp-json\/wp\/v2\/media\/87904"}],"wp:attachment":[{"href":"https:\/\/clearchox.com\/fr\/wp-json\/wp\/v2\/media?parent=51"}],"wp:term":[{"taxonomy":"product_brand","embeddable":true,"href":"https:\/\/clearchox.com\/fr\/wp-json\/wp\/v2\/product_brand?post=51"},{"taxonomy":"product_cat","embeddable":true,"href":"https:\/\/clearchox.com\/fr\/wp-json\/wp\/v2\/product_cat?post=51"},{"taxonomy":"product_tag","embeddable":true,"href":"https:\/\/clearchox.com\/fr\/wp-json\/wp\/v2\/product_tag?post=51"}],"curies":[{"name":"wp","href":"https:\/\/api.w.org\/{rel}","templated":true}]}}