{"id":65,"date":"2013-11-19T00:00:00","date_gmt":"2013-11-19T00:00:00","guid":{"rendered":"https:\/\/clearchox.com\/product\/kuna-71-golden-berry-bio\/"},"modified":"2026-03-26T13:37:40","modified_gmt":"2026-03-26T13:37:40","slug":"kuna-71-goldenberry-bio","status":"publish","type":"product","link":"https:\/\/clearchox.com\/fr\/shop\/kuna-71-goldenberry-bio\/","title":{"rendered":"Kuna 71% Physalis BIO"},"content":{"rendered":"","protected":false},"excerpt":{"rendered":"<p>D\u00e9licieux chocolat de la jungle. Le cacao aromatique Arriba de l&rsquo;Amazonie \u00e9quatorienne est parfaitement \u00e9quilibr\u00e9 avec la goldenberry l\u00e9g\u00e8rement am\u00e8re-douce, la s\u0153ur de la c\u00e9l\u00e8bre physalis. Un plaisir harmonieux.<\/p>\n","protected":false},"featured_media":83527,"comment_status":"open","ping_status":"closed","template":"","meta":[],"product_brand":[56],"product_cat":[734,735,15,737,736],"product_tag":[24],"class_list":{"0":"post-65","1":"product","2":"type-product","3":"status-publish","4":"has-post-thumbnail","6":"product_brand-kuna","7":"product_cat-bean-to-bar","8":"product_cat-bio","9":"product_cat-chocolat","10":"product_cat-sans-allergenes","11":"product_cat-vegane","12":"product_tag-visible","13":"product_shipping_class-16","14":"infinite-scroll-item","15":"resize-featured-image","16":"sales-flash-overlay","17":"woocommerce-text-align-center","18":"woocommerce-image-align-center","19":"wc-has-gallery","21":"first","22":"instock","23":"taxable","24":"shipping-taxable","25":"purchasable","26":"product-type-simple"},"_links":{"self":[{"href":"https:\/\/clearchox.com\/fr\/wp-json\/wp\/v2\/product\/65","targetHints":{"allow":["GET"]}}],"collection":[{"href":"https:\/\/clearchox.com\/fr\/wp-json\/wp\/v2\/product"}],"about":[{"href":"https:\/\/clearchox.com\/fr\/wp-json\/wp\/v2\/types\/product"}],"replies":[{"embeddable":true,"href":"https:\/\/clearchox.com\/fr\/wp-json\/wp\/v2\/comments?post=65"}],"wp:featuredmedia":[{"embeddable":true,"href":"https:\/\/clearchox.com\/fr\/wp-json\/wp\/v2\/media\/83527"}],"wp:attachment":[{"href":"https:\/\/clearchox.com\/fr\/wp-json\/wp\/v2\/media?parent=65"}],"wp:term":[{"taxonomy":"product_brand","embeddable":true,"href":"https:\/\/clearchox.com\/fr\/wp-json\/wp\/v2\/product_brand?post=65"},{"taxonomy":"product_cat","embeddable":true,"href":"https:\/\/clearchox.com\/fr\/wp-json\/wp\/v2\/product_cat?post=65"},{"taxonomy":"product_tag","embeddable":true,"href":"https:\/\/clearchox.com\/fr\/wp-json\/wp\/v2\/product_tag?post=65"}],"curies":[{"name":"wp","href":"https:\/\/api.w.org\/{rel}","templated":true}]}}