{"id":86,"date":"2014-05-02T00:00:00","date_gmt":"2014-05-02T00:00:00","guid":{"rendered":"https:\/\/clearchox.com\/product\/kuna-25-kg-drops-65-napo-amazonas-bio\/"},"modified":"2026-01-19T19:39:54","modified_gmt":"2026-01-19T19:39:54","slug":"kuna-25-kg-drops-65-napo-amazonas-bio","status":"publish","type":"product","link":"https:\/\/clearchox.com\/fr\/shop\/kuna-25-kg-drops-65-napo-amazonas-bio\/","title":{"rendered":"Kun\u00e1 2,5 kg Gouttes de Chocolat 65% Napo Amazonas BIO"},"content":{"rendered":"","protected":false},"excerpt":{"rendered":"<p>Gouttes de couverture biologique, 65% de cacao de la meilleure qualit\u00e9, le Nacional de l&rsquo;Amazonie \u00e9quatorienne, la Biosph\u00e8re Unesco de Sumaco. Sucr\u00e9 avec de la panela, comme tous les chocolats Kun\u00e1.<\/p>\n","protected":false},"featured_media":89417,"comment_status":"open","ping_status":"closed","template":"","meta":[],"product_brand":[56],"product_cat":[734,735,15,737,736],"product_tag":[747,24],"class_list":{"0":"post-86","1":"product","2":"type-product","3":"status-publish","4":"has-post-thumbnail","6":"product_brand-kuna","7":"product_cat-bean-to-bar","8":"product_cat-bio","9":"product_cat-chocolat","10":"product_cat-sans-allergenes","11":"product_cat-vegane","12":"product_tag-drops","13":"product_tag-visible","14":"product_shipping_class-16","15":"infinite-scroll-item","16":"resize-featured-image","17":"sales-flash-overlay","18":"woocommerce-text-align-center","19":"woocommerce-image-align-center","20":"wc-has-gallery","22":"first","23":"outofstock","24":"taxable","25":"shipping-taxable","26":"purchasable","27":"product-type-simple"},"_links":{"self":[{"href":"https:\/\/clearchox.com\/fr\/wp-json\/wp\/v2\/product\/86","targetHints":{"allow":["GET"]}}],"collection":[{"href":"https:\/\/clearchox.com\/fr\/wp-json\/wp\/v2\/product"}],"about":[{"href":"https:\/\/clearchox.com\/fr\/wp-json\/wp\/v2\/types\/product"}],"replies":[{"embeddable":true,"href":"https:\/\/clearchox.com\/fr\/wp-json\/wp\/v2\/comments?post=86"}],"wp:featuredmedia":[{"embeddable":true,"href":"https:\/\/clearchox.com\/fr\/wp-json\/wp\/v2\/media\/89417"}],"wp:attachment":[{"href":"https:\/\/clearchox.com\/fr\/wp-json\/wp\/v2\/media?parent=86"}],"wp:term":[{"taxonomy":"product_brand","embeddable":true,"href":"https:\/\/clearchox.com\/fr\/wp-json\/wp\/v2\/product_brand?post=86"},{"taxonomy":"product_cat","embeddable":true,"href":"https:\/\/clearchox.com\/fr\/wp-json\/wp\/v2\/product_cat?post=86"},{"taxonomy":"product_tag","embeddable":true,"href":"https:\/\/clearchox.com\/fr\/wp-json\/wp\/v2\/product_tag?post=86"}],"curies":[{"name":"wp","href":"https:\/\/api.w.org\/{rel}","templated":true}]}}