{"id":87,"date":"2014-05-02T00:00:00","date_gmt":"2014-05-02T00:00:00","guid":{"rendered":"https:\/\/clearchox.com\/product\/kuna-25-kg-drops-71-napo-amazonas-bio\/"},"modified":"2026-01-28T16:14:14","modified_gmt":"2026-01-28T16:14:14","slug":"kuna-25-kg-drops-71-napo-amazonas-bio","status":"publish","type":"product","link":"https:\/\/clearchox.com\/fr\/shop\/kuna-25-kg-drops-71-napo-amazonas-bio\/","title":{"rendered":"Kun\u00e1 2,5 kg Gouttes de Chocolat 71% Napo Amazonas BIO"},"content":{"rendered":"","protected":false},"excerpt":{"rendered":"<p>Gouttes de couverture biologique, 71% de cacao de la meilleure qualit\u00e9, le Nacional de l&rsquo;Amazonie \u00e9quatorienne, la Biosph\u00e8re Unesco de Sumaco. Sucr\u00e9 avec de la panela, un type de sucre de canne brut.<\/p>\n","protected":false},"featured_media":89425,"comment_status":"open","ping_status":"closed","template":"","meta":[],"product_brand":[56],"product_cat":[734,735,15,737,736],"product_tag":[747,24],"class_list":{"0":"post-87","1":"product","2":"type-product","3":"status-publish","4":"has-post-thumbnail","6":"product_brand-kuna","7":"product_cat-bean-to-bar","8":"product_cat-bio","9":"product_cat-chocolat","10":"product_cat-sans-allergenes","11":"product_cat-vegane","12":"product_tag-drops","13":"product_tag-visible","14":"product_shipping_class-16","15":"infinite-scroll-item","16":"resize-featured-image","17":"sales-flash-overlay","18":"woocommerce-text-align-center","19":"woocommerce-image-align-center","20":"wc-has-gallery","22":"first","23":"instock","24":"taxable","25":"shipping-taxable","26":"purchasable","27":"product-type-simple"},"_links":{"self":[{"href":"https:\/\/clearchox.com\/fr\/wp-json\/wp\/v2\/product\/87","targetHints":{"allow":["GET"]}}],"collection":[{"href":"https:\/\/clearchox.com\/fr\/wp-json\/wp\/v2\/product"}],"about":[{"href":"https:\/\/clearchox.com\/fr\/wp-json\/wp\/v2\/types\/product"}],"replies":[{"embeddable":true,"href":"https:\/\/clearchox.com\/fr\/wp-json\/wp\/v2\/comments?post=87"}],"wp:featuredmedia":[{"embeddable":true,"href":"https:\/\/clearchox.com\/fr\/wp-json\/wp\/v2\/media\/89425"}],"wp:attachment":[{"href":"https:\/\/clearchox.com\/fr\/wp-json\/wp\/v2\/media?parent=87"}],"wp:term":[{"taxonomy":"product_brand","embeddable":true,"href":"https:\/\/clearchox.com\/fr\/wp-json\/wp\/v2\/product_brand?post=87"},{"taxonomy":"product_cat","embeddable":true,"href":"https:\/\/clearchox.com\/fr\/wp-json\/wp\/v2\/product_cat?post=87"},{"taxonomy":"product_tag","embeddable":true,"href":"https:\/\/clearchox.com\/fr\/wp-json\/wp\/v2\/product_tag?post=87"}],"curies":[{"name":"wp","href":"https:\/\/api.w.org\/{rel}","templated":true}]}}