{"id":87066,"date":"2020-02-18T13:46:48","date_gmt":"2020-02-18T13:46:48","guid":{"rendered":"https:\/\/clearchox.com\/en\/product\/mesjokke-natural-blond-80g\/"},"modified":"2026-01-19T09:00:44","modified_gmt":"2026-01-19T09:00:44","slug":"mesjokke-naturellement-blonde","status":"publish","type":"product","link":"https:\/\/clearchox.com\/fr\/shop\/mesjokke-naturellement-blonde\/","title":{"rendered":"Mesjokke Natural Blond Chocolat Blanc"},"content":{"rendered":"","protected":false},"excerpt":{"rendered":"<p>Le chocolat est l\u00e9g\u00e8rement sucr\u00e9 avec du sucre de palmier arenga biologique, ce qui donne \u00e0 la barre une couleur brun miel. Le meilleur beurre de cacao et les graines de fenouil lui donnent des ar\u00f4mes riches de caramel et des notes d&rsquo;anis. Incroyablement d\u00e9licieux et cr\u00e9meux sans lait&#8230; smack smack.<\/p>\n","protected":false},"featured_media":83668,"comment_status":"open","ping_status":"closed","template":"","meta":[],"product_brand":[75],"product_cat":[734,15],"product_tag":[],"class_list":{"0":"post-87066","1":"product","2":"type-product","3":"status-publish","4":"has-post-thumbnail","6":"product_brand-mesjokke-chocolat","7":"product_cat-bean-to-bar","8":"product_cat-chocolat","9":"infinite-scroll-item","10":"resize-featured-image","11":"sales-flash-overlay","12":"woocommerce-text-align-center","13":"woocommerce-image-align-center","14":"wc-has-gallery","16":"first","17":"instock","18":"taxable","19":"shipping-taxable","20":"purchasable","21":"product-type-simple"},"_links":{"self":[{"href":"https:\/\/clearchox.com\/fr\/wp-json\/wp\/v2\/product\/87066","targetHints":{"allow":["GET"]}}],"collection":[{"href":"https:\/\/clearchox.com\/fr\/wp-json\/wp\/v2\/product"}],"about":[{"href":"https:\/\/clearchox.com\/fr\/wp-json\/wp\/v2\/types\/product"}],"replies":[{"embeddable":true,"href":"https:\/\/clearchox.com\/fr\/wp-json\/wp\/v2\/comments?post=87066"}],"wp:featuredmedia":[{"embeddable":true,"href":"https:\/\/clearchox.com\/fr\/wp-json\/wp\/v2\/media\/83668"}],"wp:attachment":[{"href":"https:\/\/clearchox.com\/fr\/wp-json\/wp\/v2\/media?parent=87066"}],"wp:term":[{"taxonomy":"product_brand","embeddable":true,"href":"https:\/\/clearchox.com\/fr\/wp-json\/wp\/v2\/product_brand?post=87066"},{"taxonomy":"product_cat","embeddable":true,"href":"https:\/\/clearchox.com\/fr\/wp-json\/wp\/v2\/product_cat?post=87066"},{"taxonomy":"product_tag","embeddable":true,"href":"https:\/\/clearchox.com\/fr\/wp-json\/wp\/v2\/product_tag?post=87066"}],"curies":[{"name":"wp","href":"https:\/\/api.w.org\/{rel}","templated":true}]}}