{"id":87067,"date":"2020-02-18T13:46:50","date_gmt":"2020-02-18T13:46:50","guid":{"rendered":"https:\/\/clearchox.com\/en\/product\/mesjokke-stardust-milk-chocolate-45-80g\/"},"modified":"2026-01-15T11:02:40","modified_gmt":"2026-01-15T11:02:40","slug":"mesjokke-stardust-chocolat-au-lait-45","status":"publish","type":"product","link":"https:\/\/clearchox.com\/fr\/shop\/mesjokke-stardust-chocolat-au-lait-45\/","title":{"rendered":"Mesjokke Stardust Chocolat au Lait 45%"},"content":{"rendered":"","protected":false},"excerpt":{"rendered":"<p>Des ar\u00f4mes incroyablement intenses de noix, de caramel et de cr\u00e8me, avec des notes fruit\u00e9es du Trinitario de Madagascar. C&rsquo;est un chocolat au lait \u00e0 aimer&#8230; hmmmm.<\/p>\n","protected":false},"featured_media":127,"comment_status":"open","ping_status":"closed","template":"","meta":[],"product_brand":[75],"product_cat":[733,734,15],"product_tag":[],"class_list":{"0":"post-87067","1":"product","2":"type-product","3":"status-publish","4":"has-post-thumbnail","6":"product_brand-mesjokke-chocolat","7":"product_cat-awards","8":"product_cat-bean-to-bar","9":"product_cat-chocolat","10":"infinite-scroll-item","11":"resize-featured-image","12":"sales-flash-overlay","13":"woocommerce-text-align-center","14":"woocommerce-image-align-center","16":"first","17":"outofstock","18":"taxable","19":"shipping-taxable","20":"purchasable","21":"product-type-simple"},"_links":{"self":[{"href":"https:\/\/clearchox.com\/fr\/wp-json\/wp\/v2\/product\/87067","targetHints":{"allow":["GET"]}}],"collection":[{"href":"https:\/\/clearchox.com\/fr\/wp-json\/wp\/v2\/product"}],"about":[{"href":"https:\/\/clearchox.com\/fr\/wp-json\/wp\/v2\/types\/product"}],"replies":[{"embeddable":true,"href":"https:\/\/clearchox.com\/fr\/wp-json\/wp\/v2\/comments?post=87067"}],"wp:featuredmedia":[{"embeddable":true,"href":"https:\/\/clearchox.com\/fr\/wp-json\/wp\/v2\/media\/127"}],"wp:attachment":[{"href":"https:\/\/clearchox.com\/fr\/wp-json\/wp\/v2\/media?parent=87067"}],"wp:term":[{"taxonomy":"product_brand","embeddable":true,"href":"https:\/\/clearchox.com\/fr\/wp-json\/wp\/v2\/product_brand?post=87067"},{"taxonomy":"product_cat","embeddable":true,"href":"https:\/\/clearchox.com\/fr\/wp-json\/wp\/v2\/product_cat?post=87067"},{"taxonomy":"product_tag","embeddable":true,"href":"https:\/\/clearchox.com\/fr\/wp-json\/wp\/v2\/product_tag?post=87067"}],"curies":[{"name":"wp","href":"https:\/\/api.w.org\/{rel}","templated":true}]}}