{"id":87068,"date":"2020-02-18T13:49:40","date_gmt":"2020-02-18T13:49:40","guid":{"rendered":"https:\/\/clearchox.com\/en\/product\/mesjokke-swinging-sunrise-72-2\/"},"modified":"2026-02-28T21:28:11","modified_gmt":"2026-02-28T21:28:11","slug":"mesjokke-swinging-sunrise-72","status":"publish","type":"product","link":"https:\/\/clearchox.com\/fr\/shop\/mesjokke-swinging-sunrise-72\/","title":{"rendered":"Mesjokke Swinging Sunrise 72%"},"content":{"rendered":"","protected":false},"excerpt":{"rendered":"<p>Dansons ! C&rsquo;est le soleil du clan Mesjokke. Enthousiasmant, intense. Des fruits rouges avec une belle acidit\u00e9 et des tons chauds de chocolat noir de Tanzanie. Selon les seigneurs de Mesjokke, cette tablette r\u00e9pond \u00e0 l&rsquo;appel : scha-wingngngngngng !<\/p>\n","protected":false},"featured_media":84201,"comment_status":"open","ping_status":"closed","template":"","meta":[],"product_brand":[75],"product_cat":[734,15,736],"product_tag":[],"class_list":{"0":"post-87068","1":"product","2":"type-product","3":"status-publish","4":"has-post-thumbnail","6":"product_brand-mesjokke-chocolat","7":"product_cat-bean-to-bar","8":"product_cat-chocolat","9":"product_cat-vegane","10":"infinite-scroll-item","11":"resize-featured-image","12":"sales-flash-overlay","13":"woocommerce-text-align-center","14":"woocommerce-image-align-center","16":"first","17":"instock","18":"taxable","19":"shipping-taxable","20":"purchasable","21":"product-type-simple"},"_links":{"self":[{"href":"https:\/\/clearchox.com\/fr\/wp-json\/wp\/v2\/product\/87068","targetHints":{"allow":["GET"]}}],"collection":[{"href":"https:\/\/clearchox.com\/fr\/wp-json\/wp\/v2\/product"}],"about":[{"href":"https:\/\/clearchox.com\/fr\/wp-json\/wp\/v2\/types\/product"}],"replies":[{"embeddable":true,"href":"https:\/\/clearchox.com\/fr\/wp-json\/wp\/v2\/comments?post=87068"}],"wp:featuredmedia":[{"embeddable":true,"href":"https:\/\/clearchox.com\/fr\/wp-json\/wp\/v2\/media\/84201"}],"wp:attachment":[{"href":"https:\/\/clearchox.com\/fr\/wp-json\/wp\/v2\/media?parent=87068"}],"wp:term":[{"taxonomy":"product_brand","embeddable":true,"href":"https:\/\/clearchox.com\/fr\/wp-json\/wp\/v2\/product_brand?post=87068"},{"taxonomy":"product_cat","embeddable":true,"href":"https:\/\/clearchox.com\/fr\/wp-json\/wp\/v2\/product_cat?post=87068"},{"taxonomy":"product_tag","embeddable":true,"href":"https:\/\/clearchox.com\/fr\/wp-json\/wp\/v2\/product_tag?post=87068"}],"curies":[{"name":"wp","href":"https:\/\/api.w.org\/{rel}","templated":true}]}}