{"id":87069,"date":"2020-02-18T13:49:42","date_gmt":"2020-02-18T13:49:42","guid":{"rendered":"https:\/\/clearchox.com\/en\/product\/mesjokke-d-a-r-c-angel-72-80g\/"},"modified":"2026-04-07T07:24:03","modified_gmt":"2026-04-07T07:24:03","slug":"mesjokke-d-a-r-c-angel-72","status":"publish","type":"product","link":"https:\/\/clearchox.com\/fr\/shop\/mesjokke-d-a-r-c-angel-72\/","title":{"rendered":"Mesjokke D.A.R.C. Angel 72%"},"content":{"rendered":"","protected":false},"excerpt":{"rendered":"<p>\u00ab\u00a0D.A.R.C. signifie Divine Aromatic Roasted Cocoa. Le chocolat 72 % de cacao du Nicaragua a des ar\u00f4mes puissants et l\u00e9g\u00e8rement terreux. Le chocolat est doucement sucr\u00e9 et fond tendrement. On pourrait presque d\u00e9coller avec enthousiasme&#8230;ohaaaa.\u00a0\u00bb<\/p>\n","protected":false},"featured_media":124,"comment_status":"open","ping_status":"closed","template":"","meta":[],"product_brand":[75],"product_cat":[734,15,736],"product_tag":[],"class_list":{"0":"post-87069","1":"product","2":"type-product","3":"status-publish","4":"has-post-thumbnail","6":"product_brand-mesjokke-chocolat","7":"product_cat-bean-to-bar","8":"product_cat-chocolat","9":"product_cat-vegane","10":"infinite-scroll-item","11":"resize-featured-image","12":"sales-flash-overlay","13":"woocommerce-text-align-center","14":"woocommerce-image-align-center","16":"first","17":"instock","18":"taxable","19":"shipping-taxable","20":"purchasable","21":"product-type-simple"},"_links":{"self":[{"href":"https:\/\/clearchox.com\/fr\/wp-json\/wp\/v2\/product\/87069","targetHints":{"allow":["GET"]}}],"collection":[{"href":"https:\/\/clearchox.com\/fr\/wp-json\/wp\/v2\/product"}],"about":[{"href":"https:\/\/clearchox.com\/fr\/wp-json\/wp\/v2\/types\/product"}],"replies":[{"embeddable":true,"href":"https:\/\/clearchox.com\/fr\/wp-json\/wp\/v2\/comments?post=87069"}],"wp:featuredmedia":[{"embeddable":true,"href":"https:\/\/clearchox.com\/fr\/wp-json\/wp\/v2\/media\/124"}],"wp:attachment":[{"href":"https:\/\/clearchox.com\/fr\/wp-json\/wp\/v2\/media?parent=87069"}],"wp:term":[{"taxonomy":"product_brand","embeddable":true,"href":"https:\/\/clearchox.com\/fr\/wp-json\/wp\/v2\/product_brand?post=87069"},{"taxonomy":"product_cat","embeddable":true,"href":"https:\/\/clearchox.com\/fr\/wp-json\/wp\/v2\/product_cat?post=87069"},{"taxonomy":"product_tag","embeddable":true,"href":"https:\/\/clearchox.com\/fr\/wp-json\/wp\/v2\/product_tag?post=87069"}],"curies":[{"name":"wp","href":"https:\/\/api.w.org\/{rel}","templated":true}]}}