{"id":88027,"date":"2020-06-07T19:05:47","date_gmt":"2020-06-07T19:05:47","guid":{"rendered":"https:\/\/clearchox.com\/en\/shop\/morin-cacao-powder-vietnam-100\/"},"modified":"2026-03-26T13:19:26","modified_gmt":"2026-03-26T13:19:26","slug":"morin-cocoa-powder-vietnam-100-200-gr","status":"publish","type":"product","link":"https:\/\/clearchox.com\/fr\/shop\/morin-cocoa-powder-vietnam-100-200-gr\/","title":{"rendered":"Morin Poudre de Cacao Vietnam 100% (200 gr)"},"content":{"rendered":"","protected":false},"excerpt":{"rendered":"<p>La r\u00e9gion productrice de cacao de Ben Tre au Vietnam est c\u00e9l\u00e8bre pour ses f\u00e8ves de cacao d&rsquo;excellente qualit\u00e9. \u00c0 partir de ces f\u00e8ves, Morin a cr\u00e9\u00e9 cette poudre de cacao \u00e0 100 % agr\u00e9ablement noiset\u00e9e, avec une acidit\u00e9 subtile et \u00e9pic\u00e9e.<\/p>\n","protected":false},"featured_media":88033,"comment_status":"open","ping_status":"closed","template":"","meta":[],"product_brand":[79],"product_cat":[734,15,736],"product_tag":[],"class_list":{"0":"post-88027","1":"product","2":"type-product","3":"status-publish","4":"has-post-thumbnail","6":"product_brand-chocolaterie-a-morin","7":"product_cat-bean-to-bar","8":"product_cat-chocolat","9":"product_cat-vegane","10":"infinite-scroll-item","11":"resize-featured-image","12":"sales-flash-overlay","13":"woocommerce-text-align-center","14":"woocommerce-image-align-center","16":"first","17":"instock","18":"taxable","19":"shipping-taxable","20":"purchasable","21":"product-type-simple"},"_links":{"self":[{"href":"https:\/\/clearchox.com\/fr\/wp-json\/wp\/v2\/product\/88027","targetHints":{"allow":["GET"]}}],"collection":[{"href":"https:\/\/clearchox.com\/fr\/wp-json\/wp\/v2\/product"}],"about":[{"href":"https:\/\/clearchox.com\/fr\/wp-json\/wp\/v2\/types\/product"}],"replies":[{"embeddable":true,"href":"https:\/\/clearchox.com\/fr\/wp-json\/wp\/v2\/comments?post=88027"}],"wp:featuredmedia":[{"embeddable":true,"href":"https:\/\/clearchox.com\/fr\/wp-json\/wp\/v2\/media\/88033"}],"wp:attachment":[{"href":"https:\/\/clearchox.com\/fr\/wp-json\/wp\/v2\/media?parent=88027"}],"wp:term":[{"taxonomy":"product_brand","embeddable":true,"href":"https:\/\/clearchox.com\/fr\/wp-json\/wp\/v2\/product_brand?post=88027"},{"taxonomy":"product_cat","embeddable":true,"href":"https:\/\/clearchox.com\/fr\/wp-json\/wp\/v2\/product_cat?post=88027"},{"taxonomy":"product_tag","embeddable":true,"href":"https:\/\/clearchox.com\/fr\/wp-json\/wp\/v2\/product_tag?post=88027"}],"curies":[{"name":"wp","href":"https:\/\/api.w.org\/{rel}","templated":true}]}}