{"id":88028,"date":"2020-06-07T19:10:53","date_gmt":"2020-06-07T19:10:53","guid":{"rendered":"https:\/\/clearchox.com\/en\/shop\/morin-cacao-powder-ivory-coast-100\/"},"modified":"2025-12-14T17:57:56","modified_gmt":"2025-12-14T17:57:56","slug":"morin-cocoa-powder-ivory-coast-100-200-gr","status":"publish","type":"product","link":"https:\/\/clearchox.com\/fr\/shop\/morin-cocoa-powder-ivory-coast-100-200-gr\/","title":{"rendered":"Morin Poudre de Cacao C\u00f4te d&rsquo;Ivoire 100% (200 gr)"},"content":{"rendered":"","protected":false},"excerpt":{"rendered":"<p>Du sud-ouest de la C\u00f4te d&rsquo;Ivoire, en Afrique de l&rsquo;Ouest, proviennent les f\u00e8ves de cacao qui donnent \u00e0 cette poudre de cacao \u00e0 100 % ses ar\u00f4mes de feuilles, d&rsquo;herbes et de fruits secs, combin\u00e9s \u00e0 une finale douce et sucr\u00e9e. Cette poudre a remport\u00e9 une m\u00e9daille de bronze aux AoC 2019.<\/p>\n","protected":false},"featured_media":88031,"comment_status":"open","ping_status":"closed","template":"","meta":[],"product_brand":[79],"product_cat":[733,734,15,736],"product_tag":[],"class_list":{"0":"post-88028","1":"product","2":"type-product","3":"status-publish","4":"has-post-thumbnail","6":"product_brand-chocolaterie-a-morin","7":"product_cat-awards","8":"product_cat-bean-to-bar","9":"product_cat-chocolat","10":"product_cat-vegane","11":"infinite-scroll-item","12":"resize-featured-image","13":"sales-flash-overlay","14":"woocommerce-text-align-center","15":"woocommerce-image-align-center","17":"first","18":"outofstock","19":"taxable","20":"shipping-taxable","21":"purchasable","22":"product-type-simple"},"_links":{"self":[{"href":"https:\/\/clearchox.com\/fr\/wp-json\/wp\/v2\/product\/88028","targetHints":{"allow":["GET"]}}],"collection":[{"href":"https:\/\/clearchox.com\/fr\/wp-json\/wp\/v2\/product"}],"about":[{"href":"https:\/\/clearchox.com\/fr\/wp-json\/wp\/v2\/types\/product"}],"replies":[{"embeddable":true,"href":"https:\/\/clearchox.com\/fr\/wp-json\/wp\/v2\/comments?post=88028"}],"wp:featuredmedia":[{"embeddable":true,"href":"https:\/\/clearchox.com\/fr\/wp-json\/wp\/v2\/media\/88031"}],"wp:attachment":[{"href":"https:\/\/clearchox.com\/fr\/wp-json\/wp\/v2\/media?parent=88028"}],"wp:term":[{"taxonomy":"product_brand","embeddable":true,"href":"https:\/\/clearchox.com\/fr\/wp-json\/wp\/v2\/product_brand?post=88028"},{"taxonomy":"product_cat","embeddable":true,"href":"https:\/\/clearchox.com\/fr\/wp-json\/wp\/v2\/product_cat?post=88028"},{"taxonomy":"product_tag","embeddable":true,"href":"https:\/\/clearchox.com\/fr\/wp-json\/wp\/v2\/product_tag?post=88028"}],"curies":[{"name":"wp","href":"https:\/\/api.w.org\/{rel}","templated":true}]}}