{"id":88029,"date":"2020-06-07T19:13:31","date_gmt":"2020-06-07T19:13:31","guid":{"rendered":"https:\/\/clearchox.com\/en\/shop\/morin-cacao-powder-peru-chanchamayo-100\/"},"modified":"2026-02-06T13:48:11","modified_gmt":"2026-02-06T13:48:11","slug":"morin-cocoa-powder-peru-chanchamayo-100-200-gr","status":"publish","type":"product","link":"https:\/\/clearchox.com\/fr\/shop\/morin-cocoa-powder-peru-chanchamayo-100-200-gr\/","title":{"rendered":"Morin Poudre de Cacao P\u00e9rou Chanchamayo 100% (200 gr) BIO"},"content":{"rendered":"","protected":false},"excerpt":{"rendered":"<p>Poudre de cacao biologique \u00e0 100 % de Chanchamayo, P\u00e9rou. Pour un d\u00e9licieux chocolat chaud classique ou de nombreuses autres utilisations.<\/p>\n","protected":false},"featured_media":88032,"comment_status":"open","ping_status":"closed","template":"","meta":[],"product_brand":[79],"product_cat":[734,735,15,736],"product_tag":[],"class_list":{"0":"post-88029","1":"product","2":"type-product","3":"status-publish","4":"has-post-thumbnail","6":"product_brand-chocolaterie-a-morin","7":"product_cat-bean-to-bar","8":"product_cat-bio","9":"product_cat-chocolat","10":"product_cat-vegane","11":"infinite-scroll-item","12":"resize-featured-image","13":"sales-flash-overlay","14":"woocommerce-text-align-center","15":"woocommerce-image-align-center","17":"first","18":"outofstock","19":"taxable","20":"shipping-taxable","21":"purchasable","22":"product-type-simple"},"_links":{"self":[{"href":"https:\/\/clearchox.com\/fr\/wp-json\/wp\/v2\/product\/88029","targetHints":{"allow":["GET"]}}],"collection":[{"href":"https:\/\/clearchox.com\/fr\/wp-json\/wp\/v2\/product"}],"about":[{"href":"https:\/\/clearchox.com\/fr\/wp-json\/wp\/v2\/types\/product"}],"replies":[{"embeddable":true,"href":"https:\/\/clearchox.com\/fr\/wp-json\/wp\/v2\/comments?post=88029"}],"wp:featuredmedia":[{"embeddable":true,"href":"https:\/\/clearchox.com\/fr\/wp-json\/wp\/v2\/media\/88032"}],"wp:attachment":[{"href":"https:\/\/clearchox.com\/fr\/wp-json\/wp\/v2\/media?parent=88029"}],"wp:term":[{"taxonomy":"product_brand","embeddable":true,"href":"https:\/\/clearchox.com\/fr\/wp-json\/wp\/v2\/product_brand?post=88029"},{"taxonomy":"product_cat","embeddable":true,"href":"https:\/\/clearchox.com\/fr\/wp-json\/wp\/v2\/product_cat?post=88029"},{"taxonomy":"product_tag","embeddable":true,"href":"https:\/\/clearchox.com\/fr\/wp-json\/wp\/v2\/product_tag?post=88029"}],"curies":[{"name":"wp","href":"https:\/\/api.w.org\/{rel}","templated":true}]}}