{"id":88113,"date":"2020-06-18T08:00:53","date_gmt":"2020-06-18T08:00:53","guid":{"rendered":"https:\/\/clearchox.com\/en\/?post_type=product&#038;p=88113"},"modified":"2026-01-16T17:24:08","modified_gmt":"2026-01-16T17:24:08","slug":"soklet-80-dark-milk-chocolate-no-added-sugar","status":"publish","type":"product","link":"https:\/\/clearchox.com\/fr\/shop\/soklet-80-dark-milk-chocolate-no-added-sugar\/","title":{"rendered":"Soklet 80% Chocolat au Lait Noir &#8211; Sans Sucre Ajout\u00e9"},"content":{"rendered":"","protected":false},"excerpt":{"rendered":"<p>Le chocolat au lait extra-noir ne contient pas de sucre ajout\u00e9 et est fabriqu\u00e9 uniquement \u00e0 partir de cacao et de poudre de lait \u00e9cr\u00e9m\u00e9. Le choix parfait pour ceux qui veulent \u00e9viter le sucre.<\/p>\n","protected":false},"featured_media":90519,"comment_status":"open","ping_status":"closed","template":"","meta":[],"product_brand":[108],"product_cat":[15],"product_tag":[],"class_list":{"0":"post-88113","1":"product","2":"type-product","3":"status-publish","4":"has-post-thumbnail","6":"product_brand-soklet","7":"product_cat-chocolat","8":"infinite-scroll-item","9":"resize-featured-image","10":"sales-flash-overlay","11":"woocommerce-text-align-center","12":"woocommerce-image-align-center","13":"wc-has-gallery","15":"first","16":"outofstock","17":"taxable","18":"shipping-taxable","19":"purchasable","20":"product-type-simple"},"_links":{"self":[{"href":"https:\/\/clearchox.com\/fr\/wp-json\/wp\/v2\/product\/88113","targetHints":{"allow":["GET"]}}],"collection":[{"href":"https:\/\/clearchox.com\/fr\/wp-json\/wp\/v2\/product"}],"about":[{"href":"https:\/\/clearchox.com\/fr\/wp-json\/wp\/v2\/types\/product"}],"replies":[{"embeddable":true,"href":"https:\/\/clearchox.com\/fr\/wp-json\/wp\/v2\/comments?post=88113"}],"wp:featuredmedia":[{"embeddable":true,"href":"https:\/\/clearchox.com\/fr\/wp-json\/wp\/v2\/media\/90519"}],"wp:attachment":[{"href":"https:\/\/clearchox.com\/fr\/wp-json\/wp\/v2\/media?parent=88113"}],"wp:term":[{"taxonomy":"product_brand","embeddable":true,"href":"https:\/\/clearchox.com\/fr\/wp-json\/wp\/v2\/product_brand?post=88113"},{"taxonomy":"product_cat","embeddable":true,"href":"https:\/\/clearchox.com\/fr\/wp-json\/wp\/v2\/product_cat?post=88113"},{"taxonomy":"product_tag","embeddable":true,"href":"https:\/\/clearchox.com\/fr\/wp-json\/wp\/v2\/product_tag?post=88113"}],"curies":[{"name":"wp","href":"https:\/\/api.w.org\/{rel}","templated":true}]}}