{"id":88115,"date":"2020-06-18T11:44:28","date_gmt":"2020-06-18T11:44:28","guid":{"rendered":"https:\/\/clearchox.com\/en\/?post_type=product&#038;p=88115"},"modified":"2025-10-12T15:42:48","modified_gmt":"2025-10-12T15:42:48","slug":"soklet-100-dark","status":"publish","type":"product","link":"https:\/\/clearchox.com\/fr\/shop\/soklet-100-dark\/","title":{"rendered":"Soklet 100% Noir"},"content":{"rendered":"","protected":false},"excerpt":{"rendered":"<p>Cette tablette noire intense et savoureuse est fabriqu\u00e9e uniquement \u00e0 partir de cacao et ne contient aucun autre ingr\u00e9dient ! Riche en antioxydants et en th\u00e9obromine.<\/p>\n","protected":false},"featured_media":88109,"comment_status":"open","ping_status":"closed","template":"","meta":[],"product_brand":[108],"product_cat":[734,15,736],"product_tag":[],"class_list":{"0":"post-88115","1":"product","2":"type-product","3":"status-publish","4":"has-post-thumbnail","6":"product_brand-soklet","7":"product_cat-bean-to-bar","8":"product_cat-chocolat","9":"product_cat-vegane","10":"infinite-scroll-item","11":"resize-featured-image","12":"sales-flash-overlay","13":"woocommerce-text-align-center","14":"woocommerce-image-align-center","15":"wc-has-gallery","17":"first","18":"outofstock","19":"taxable","20":"shipping-taxable","21":"purchasable","22":"product-type-simple"},"_links":{"self":[{"href":"https:\/\/clearchox.com\/fr\/wp-json\/wp\/v2\/product\/88115","targetHints":{"allow":["GET"]}}],"collection":[{"href":"https:\/\/clearchox.com\/fr\/wp-json\/wp\/v2\/product"}],"about":[{"href":"https:\/\/clearchox.com\/fr\/wp-json\/wp\/v2\/types\/product"}],"replies":[{"embeddable":true,"href":"https:\/\/clearchox.com\/fr\/wp-json\/wp\/v2\/comments?post=88115"}],"wp:featuredmedia":[{"embeddable":true,"href":"https:\/\/clearchox.com\/fr\/wp-json\/wp\/v2\/media\/88109"}],"wp:attachment":[{"href":"https:\/\/clearchox.com\/fr\/wp-json\/wp\/v2\/media?parent=88115"}],"wp:term":[{"taxonomy":"product_brand","embeddable":true,"href":"https:\/\/clearchox.com\/fr\/wp-json\/wp\/v2\/product_brand?post=88115"},{"taxonomy":"product_cat","embeddable":true,"href":"https:\/\/clearchox.com\/fr\/wp-json\/wp\/v2\/product_cat?post=88115"},{"taxonomy":"product_tag","embeddable":true,"href":"https:\/\/clearchox.com\/fr\/wp-json\/wp\/v2\/product_tag?post=88115"}],"curies":[{"name":"wp","href":"https:\/\/api.w.org\/{rel}","templated":true}]}}