{"id":88120,"date":"2020-06-18T14:25:26","date_gmt":"2020-06-18T14:25:26","guid":{"rendered":"https:\/\/clearchox.com\/en\/?post_type=product&#038;p=88120"},"modified":"2026-02-25T19:13:34","modified_gmt":"2026-02-25T19:13:34","slug":"soklet-60-dark-peanut-crunch","status":"publish","type":"product","link":"https:\/\/clearchox.com\/fr\/shop\/soklet-60-dark-peanut-crunch\/","title":{"rendered":"Soklet 60% Noir Croquant aux Arachides"},"content":{"rendered":"","protected":false},"excerpt":{"rendered":"<p>Des cacahu\u00e8tes grill\u00e9es et du sel de mer en flocons sont saupoudr\u00e9s sur le chocolat de mani\u00e8re \u00e0 chatouiller vos papilles gustatives.<\/p>\n","protected":false},"featured_media":88108,"comment_status":"open","ping_status":"closed","template":"","meta":[],"product_brand":[108],"product_cat":[734,15,736],"product_tag":[],"class_list":{"0":"post-88120","1":"product","2":"type-product","3":"status-publish","4":"has-post-thumbnail","6":"product_brand-soklet","7":"product_cat-bean-to-bar","8":"product_cat-chocolat","9":"product_cat-vegane","10":"infinite-scroll-item","11":"resize-featured-image","12":"sales-flash-overlay","13":"woocommerce-text-align-center","14":"woocommerce-image-align-center","15":"wc-has-gallery","17":"first","18":"instock","19":"taxable","20":"shipping-taxable","21":"purchasable","22":"product-type-simple"},"_links":{"self":[{"href":"https:\/\/clearchox.com\/fr\/wp-json\/wp\/v2\/product\/88120","targetHints":{"allow":["GET"]}}],"collection":[{"href":"https:\/\/clearchox.com\/fr\/wp-json\/wp\/v2\/product"}],"about":[{"href":"https:\/\/clearchox.com\/fr\/wp-json\/wp\/v2\/types\/product"}],"replies":[{"embeddable":true,"href":"https:\/\/clearchox.com\/fr\/wp-json\/wp\/v2\/comments?post=88120"}],"wp:featuredmedia":[{"embeddable":true,"href":"https:\/\/clearchox.com\/fr\/wp-json\/wp\/v2\/media\/88108"}],"wp:attachment":[{"href":"https:\/\/clearchox.com\/fr\/wp-json\/wp\/v2\/media?parent=88120"}],"wp:term":[{"taxonomy":"product_brand","embeddable":true,"href":"https:\/\/clearchox.com\/fr\/wp-json\/wp\/v2\/product_brand?post=88120"},{"taxonomy":"product_cat","embeddable":true,"href":"https:\/\/clearchox.com\/fr\/wp-json\/wp\/v2\/product_cat?post=88120"},{"taxonomy":"product_tag","embeddable":true,"href":"https:\/\/clearchox.com\/fr\/wp-json\/wp\/v2\/product_tag?post=88120"}],"curies":[{"name":"wp","href":"https:\/\/api.w.org\/{rel}","templated":true}]}}