{"id":88124,"date":"2020-06-18T18:04:01","date_gmt":"2020-06-18T18:04:01","guid":{"rendered":"https:\/\/clearchox.com\/en\/?post_type=product&#038;p=88124"},"modified":"2026-01-16T17:24:12","modified_gmt":"2026-01-16T17:24:12","slug":"soklet-55-dark-milk-chocolate-filter-kaapi","status":"publish","type":"product","link":"https:\/\/clearchox.com\/fr\/shop\/soklet-55-dark-milk-chocolate-filter-kaapi\/","title":{"rendered":"Soklet 55% Filter Kaapi &#8211; Arabica Caf\u00e9-au-Lait et Racine de Chicor\u00e9e"},"content":{"rendered":"","protected":false},"excerpt":{"rendered":"<p>Le riche caf\u00e9 de Chikmagalur avec une touche de chicor\u00e9e est une magie combin\u00e9e avec le chocolat au lait noir, qui rappelle le caf\u00e9 filtre typique du sud de l&rsquo;Inde.<\/p>\n","protected":false},"featured_media":88101,"comment_status":"open","ping_status":"closed","template":"","meta":[],"product_brand":[108],"product_cat":[15],"product_tag":[],"class_list":{"0":"post-88124","1":"product","2":"type-product","3":"status-publish","4":"has-post-thumbnail","6":"product_brand-soklet","7":"product_cat-chocolat","8":"infinite-scroll-item","9":"resize-featured-image","10":"sales-flash-overlay","11":"woocommerce-text-align-center","12":"woocommerce-image-align-center","13":"wc-has-gallery","15":"first","16":"instock","17":"taxable","18":"shipping-taxable","19":"purchasable","20":"product-type-simple"},"_links":{"self":[{"href":"https:\/\/clearchox.com\/fr\/wp-json\/wp\/v2\/product\/88124","targetHints":{"allow":["GET"]}}],"collection":[{"href":"https:\/\/clearchox.com\/fr\/wp-json\/wp\/v2\/product"}],"about":[{"href":"https:\/\/clearchox.com\/fr\/wp-json\/wp\/v2\/types\/product"}],"replies":[{"embeddable":true,"href":"https:\/\/clearchox.com\/fr\/wp-json\/wp\/v2\/comments?post=88124"}],"wp:featuredmedia":[{"embeddable":true,"href":"https:\/\/clearchox.com\/fr\/wp-json\/wp\/v2\/media\/88101"}],"wp:attachment":[{"href":"https:\/\/clearchox.com\/fr\/wp-json\/wp\/v2\/media?parent=88124"}],"wp:term":[{"taxonomy":"product_brand","embeddable":true,"href":"https:\/\/clearchox.com\/fr\/wp-json\/wp\/v2\/product_brand?post=88124"},{"taxonomy":"product_cat","embeddable":true,"href":"https:\/\/clearchox.com\/fr\/wp-json\/wp\/v2\/product_cat?post=88124"},{"taxonomy":"product_tag","embeddable":true,"href":"https:\/\/clearchox.com\/fr\/wp-json\/wp\/v2\/product_tag?post=88124"}],"curies":[{"name":"wp","href":"https:\/\/api.w.org\/{rel}","templated":true}]}}