{"id":88138,"date":"2020-07-03T07:30:13","date_gmt":"2020-07-03T07:30:13","guid":{"rendered":"https:\/\/clearchox.com\/en\/shop\/morin-basil-63\/"},"modified":"2026-02-28T21:28:13","modified_gmt":"2026-02-28T21:28:13","slug":"morin-basil-63","status":"publish","type":"product","link":"https:\/\/clearchox.com\/fr\/shop\/morin-basil-63\/","title":{"rendered":"Morin Basilic 63%"},"content":{"rendered":"","protected":false},"excerpt":{"rendered":"<p>Les parfums de Provence. Le cacao de la r\u00e9gion de Chanchamayo au P\u00e9rou se marie parfaitement avec l&rsquo;huile essentielle de basilic cultiv\u00e9 en Provence, sur le domaine de l&rsquo;usine de chocolat Morin.<\/p>\n","protected":false},"featured_media":88382,"comment_status":"open","ping_status":"closed","template":"","meta":[],"product_brand":[79],"product_cat":[734,15,736],"product_tag":[],"class_list":{"0":"post-88138","1":"product","2":"type-product","3":"status-publish","4":"has-post-thumbnail","6":"product_brand-chocolaterie-a-morin","7":"product_cat-bean-to-bar","8":"product_cat-chocolat","9":"product_cat-vegane","10":"infinite-scroll-item","11":"resize-featured-image","12":"sales-flash-overlay","13":"woocommerce-text-align-center","14":"woocommerce-image-align-center","15":"wc-has-gallery","17":"first","18":"instock","19":"taxable","20":"shipping-taxable","21":"purchasable","22":"product-type-simple"},"_links":{"self":[{"href":"https:\/\/clearchox.com\/fr\/wp-json\/wp\/v2\/product\/88138","targetHints":{"allow":["GET"]}}],"collection":[{"href":"https:\/\/clearchox.com\/fr\/wp-json\/wp\/v2\/product"}],"about":[{"href":"https:\/\/clearchox.com\/fr\/wp-json\/wp\/v2\/types\/product"}],"replies":[{"embeddable":true,"href":"https:\/\/clearchox.com\/fr\/wp-json\/wp\/v2\/comments?post=88138"}],"wp:featuredmedia":[{"embeddable":true,"href":"https:\/\/clearchox.com\/fr\/wp-json\/wp\/v2\/media\/88382"}],"wp:attachment":[{"href":"https:\/\/clearchox.com\/fr\/wp-json\/wp\/v2\/media?parent=88138"}],"wp:term":[{"taxonomy":"product_brand","embeddable":true,"href":"https:\/\/clearchox.com\/fr\/wp-json\/wp\/v2\/product_brand?post=88138"},{"taxonomy":"product_cat","embeddable":true,"href":"https:\/\/clearchox.com\/fr\/wp-json\/wp\/v2\/product_cat?post=88138"},{"taxonomy":"product_tag","embeddable":true,"href":"https:\/\/clearchox.com\/fr\/wp-json\/wp\/v2\/product_tag?post=88138"}],"curies":[{"name":"wp","href":"https:\/\/api.w.org\/{rel}","templated":true}]}}