{"id":88201,"date":"2020-08-07T13:38:30","date_gmt":"2020-08-07T13:38:30","guid":{"rendered":"https:\/\/clearchox.com\/en\/?post_type=product&#038;p=88201"},"modified":"2026-03-30T07:17:57","modified_gmt":"2026-03-30T07:17:57","slug":"definite-vegan-cajou-amande-55-epices","status":"publish","type":"product","link":"https:\/\/clearchox.com\/fr\/shop\/definite-vegan-cajou-amande-55-epices\/","title":{"rendered":"Definite V\u00e9gan avec Noix de Cajou et Amandes Caram\u00e9lis\u00e9es 55%"},"content":{"rendered":"<p><strong>Ingr\u00e9dients<\/strong> : f\u00e8ves de cacao, sucre de canne, beurre de cacao, poudre de noix de <span style=\"color: #993300;\"><strong>cajou<\/strong><\/span>, <span style=\"color: #993300;\"><strong>amandes<\/strong><\/span>, cannelle, muscade, cardamome, gingembre, clous de girofle doux.<\/p>\n<p><strong><span style=\"color: #993300;\">Contient des fruits \u00e0 coque.Peut contenir des traces de lait de vache.<\/span><\/strong><\/p>\n<p>&nbsp;<\/p>\n<table border=\"0\" width=\"593\" cellspacing=\"0\" cellpadding=\"0\">\n<tbody>\n<tr>\n<td class=\"xl68\" width=\"333\" height=\"15\"><strong>Nutritional values\/N\u00e4hrwerte\/Voedingswaarde\/Valeurs nutritionnelles<br \/>\n<\/strong><\/td>\n<td class=\"xl66\" width=\"260\"><strong>per\/pro\/per\/pour 100 g<\/strong><\/td>\n<\/tr>\n<tr>\n<td class=\"xl64\" height=\"15\">Energy\/Energie\/Valeur \u00e9nerg\u00e9tique<\/td>\n<td class=\"xl65\">568.5 kcal \/ 2378 kJ<\/td>\n<\/tr>\n<tr>\n<td class=\"xl64\" height=\"15\">Fat\/Fett\/Vet\/Lipides<\/td>\n<td class=\"xl65\">37.1 g<\/td>\n<\/tr>\n<tr>\n<td class=\"xl64\" height=\"15\">of which saturated\/davon ges\u00e4ttigte Fetts\u00e4uren\/waarvan verzadigd\/dont acides gras satur\u00e9s<\/td>\n<td class=\"xl65\">19.6 g<\/td>\n<\/tr>\n<tr>\n<td class=\"xl64\" height=\"15\">Carbohydrates\/Kohlenhydrate\/Koolhydraten\/Glucides<\/td>\n<td class=\"xl65\">53.4 g<\/td>\n<\/tr>\n<tr>\n<td class=\"xl64\" height=\"15\">of which sugar\/davon Zucker\/waarvan suiker<\/td>\n<td class=\"xl65\">35.6 g<\/td>\n<\/tr>\n<tr>\n<td class=\"xl64\" height=\"15\">Proteins\/Eiweiss\/Eiwitten\/Prot\u00e9ines<\/td>\n<td class=\"xl65\">7.4 g<\/td>\n<\/tr>\n<tr>\n<td class=\"xl67\" height=\"15\">Salt\/Salz\/Zout\/Sel<\/td>\n<td class=\"xl63\">0 g<\/td>\n<\/tr>\n<\/tbody>\n<\/table>\n","protected":false},"excerpt":{"rendered":"<p>D\u00e9licieusement cr\u00e9meux, chocolat v\u00e9g\u00e9talien produit \u00e0 l&rsquo;aide de noix de cajou et d&rsquo;amandes caram\u00e9lis\u00e9es, aromatis\u00e9 en outre avec des notes subtiles d&rsquo;\u00e9pices exotiques. Go\u00fbtez aux Cara\u00efbes dans une barre de chocolat !<\/p>\n","protected":false},"featured_media":91031,"comment_status":"open","ping_status":"closed","template":"","meta":[],"product_brand":[754],"product_cat":[734,15,736],"product_tag":[1166,1164,1144,1167,1156],"class_list":{"0":"post-88201","1":"product","2":"type-product","3":"status-publish","4":"has-post-thumbnail","6":"product_brand-definite-chocolat","7":"product_cat-bean-to-bar","8":"product_cat-chocolat","9":"product_cat-vegane","10":"product_tag-amande","11":"product_tag-cajou","12":"product_tag-chocolat","13":"product_tag-epices","14":"product_tag-vegan","15":"infinite-scroll-item","16":"resize-featured-image","17":"sales-flash-overlay","18":"woocommerce-text-align-center","19":"woocommerce-image-align-center","20":"wc-has-gallery","22":"first","23":"instock","24":"taxable","25":"shipping-taxable","26":"purchasable","27":"product-type-simple"},"_links":{"self":[{"href":"https:\/\/clearchox.com\/fr\/wp-json\/wp\/v2\/product\/88201","targetHints":{"allow":["GET"]}}],"collection":[{"href":"https:\/\/clearchox.com\/fr\/wp-json\/wp\/v2\/product"}],"about":[{"href":"https:\/\/clearchox.com\/fr\/wp-json\/wp\/v2\/types\/product"}],"replies":[{"embeddable":true,"href":"https:\/\/clearchox.com\/fr\/wp-json\/wp\/v2\/comments?post=88201"}],"wp:featuredmedia":[{"embeddable":true,"href":"https:\/\/clearchox.com\/fr\/wp-json\/wp\/v2\/media\/91031"}],"wp:attachment":[{"href":"https:\/\/clearchox.com\/fr\/wp-json\/wp\/v2\/media?parent=88201"}],"wp:term":[{"taxonomy":"product_brand","embeddable":true,"href":"https:\/\/clearchox.com\/fr\/wp-json\/wp\/v2\/product_brand?post=88201"},{"taxonomy":"product_cat","embeddable":true,"href":"https:\/\/clearchox.com\/fr\/wp-json\/wp\/v2\/product_cat?post=88201"},{"taxonomy":"product_tag","embeddable":true,"href":"https:\/\/clearchox.com\/fr\/wp-json\/wp\/v2\/product_tag?post=88201"}],"curies":[{"name":"wp","href":"https:\/\/api.w.org\/{rel}","templated":true}]}}