{"id":88267,"date":"2020-08-15T13:02:00","date_gmt":"2020-08-15T13:02:00","guid":{"rendered":"https:\/\/clearchox.com\/en\/?post_type=product&#038;p=88267"},"modified":"2025-10-14T10:53:13","modified_gmt":"2025-10-14T10:53:13","slug":"theo-philo-dark-chocolate-with-black-sesame-cashew-and-pili-nuts-65","status":"publish","type":"product","link":"https:\/\/clearchox.com\/fr\/shop\/theo-philo-dark-chocolate-with-black-sesame-cashew-and-pili-nuts-65\/","title":{"rendered":"Theo &#038; Philo &#8211; Noir avec S\u00e9same Noir, Noix de Cajou et Noix de Pili 65%"},"content":{"rendered":"","protected":false},"excerpt":{"rendered":"<p>Le chocolat noir avec pralin\u00e9 de s\u00e9same noir, de noix de cajou et de noix de pili fait de ce chocolat un plaisir presque d\u00e9licieux et p\u00e9cheur.<\/p>\n","protected":false},"featured_media":88293,"comment_status":"open","ping_status":"closed","template":"","meta":[],"product_brand":[755],"product_cat":[733,734,15,736],"product_tag":[],"class_list":{"0":"post-88267","1":"product","2":"type-product","3":"status-publish","4":"has-post-thumbnail","6":"product_brand-theo-philo-et","7":"product_cat-awards","8":"product_cat-bean-to-bar","9":"product_cat-chocolat","10":"product_cat-vegane","11":"infinite-scroll-item","12":"resize-featured-image","13":"sales-flash-overlay","14":"woocommerce-text-align-center","15":"woocommerce-image-align-center","16":"wc-has-gallery","18":"first","19":"outofstock","20":"taxable","21":"shipping-taxable","22":"purchasable","23":"product-type-simple"},"_links":{"self":[{"href":"https:\/\/clearchox.com\/fr\/wp-json\/wp\/v2\/product\/88267","targetHints":{"allow":["GET"]}}],"collection":[{"href":"https:\/\/clearchox.com\/fr\/wp-json\/wp\/v2\/product"}],"about":[{"href":"https:\/\/clearchox.com\/fr\/wp-json\/wp\/v2\/types\/product"}],"replies":[{"embeddable":true,"href":"https:\/\/clearchox.com\/fr\/wp-json\/wp\/v2\/comments?post=88267"}],"wp:featuredmedia":[{"embeddable":true,"href":"https:\/\/clearchox.com\/fr\/wp-json\/wp\/v2\/media\/88293"}],"wp:attachment":[{"href":"https:\/\/clearchox.com\/fr\/wp-json\/wp\/v2\/media?parent=88267"}],"wp:term":[{"taxonomy":"product_brand","embeddable":true,"href":"https:\/\/clearchox.com\/fr\/wp-json\/wp\/v2\/product_brand?post=88267"},{"taxonomy":"product_cat","embeddable":true,"href":"https:\/\/clearchox.com\/fr\/wp-json\/wp\/v2\/product_cat?post=88267"},{"taxonomy":"product_tag","embeddable":true,"href":"https:\/\/clearchox.com\/fr\/wp-json\/wp\/v2\/product_tag?post=88267"}],"curies":[{"name":"wp","href":"https:\/\/api.w.org\/{rel}","templated":true}]}}