{"id":88268,"date":"2020-08-15T12:22:28","date_gmt":"2020-08-15T12:22:28","guid":{"rendered":"https:\/\/clearchox.com\/en\/?post_type=product&#038;p=88268"},"modified":"2026-03-18T10:33:22","modified_gmt":"2026-03-18T10:33:22","slug":"theo-philo-milk-chocolate-with-pili-nut-pinipig","status":"publish","type":"product","link":"https:\/\/clearchox.com\/fr\/shop\/theo-philo-milk-chocolate-with-pili-nut-pinipig\/","title":{"rendered":"Theo &#038; Philo &#8211; Chocolat au Lait avec Noix de Pili &#038; Pinipig"},"content":{"rendered":"","protected":false},"excerpt":{"rendered":"<p>Oubliez Rom\u00e9o et Juliette. Les noix de pili glac\u00e9es et le pinipig r\u00f4ti avec du chocolat au lait intense forment un mariage parfait n\u00e9 dans les cieux culinaires.<\/p>\n","protected":false},"featured_media":88279,"comment_status":"open","ping_status":"closed","template":"","meta":[],"product_brand":[755],"product_cat":[733,734,15],"product_tag":[],"class_list":{"0":"post-88268","1":"product","2":"type-product","3":"status-publish","4":"has-post-thumbnail","6":"product_brand-theo-philo-et","7":"product_cat-awards","8":"product_cat-bean-to-bar","9":"product_cat-chocolat","10":"infinite-scroll-item","11":"resize-featured-image","12":"sales-flash-overlay","13":"woocommerce-text-align-center","14":"woocommerce-image-align-center","15":"wc-has-gallery","17":"first","18":"instock","19":"taxable","20":"shipping-taxable","21":"purchasable","22":"product-type-simple"},"_links":{"self":[{"href":"https:\/\/clearchox.com\/fr\/wp-json\/wp\/v2\/product\/88268","targetHints":{"allow":["GET"]}}],"collection":[{"href":"https:\/\/clearchox.com\/fr\/wp-json\/wp\/v2\/product"}],"about":[{"href":"https:\/\/clearchox.com\/fr\/wp-json\/wp\/v2\/types\/product"}],"replies":[{"embeddable":true,"href":"https:\/\/clearchox.com\/fr\/wp-json\/wp\/v2\/comments?post=88268"}],"wp:featuredmedia":[{"embeddable":true,"href":"https:\/\/clearchox.com\/fr\/wp-json\/wp\/v2\/media\/88279"}],"wp:attachment":[{"href":"https:\/\/clearchox.com\/fr\/wp-json\/wp\/v2\/media?parent=88268"}],"wp:term":[{"taxonomy":"product_brand","embeddable":true,"href":"https:\/\/clearchox.com\/fr\/wp-json\/wp\/v2\/product_brand?post=88268"},{"taxonomy":"product_cat","embeddable":true,"href":"https:\/\/clearchox.com\/fr\/wp-json\/wp\/v2\/product_cat?post=88268"},{"taxonomy":"product_tag","embeddable":true,"href":"https:\/\/clearchox.com\/fr\/wp-json\/wp\/v2\/product_tag?post=88268"}],"curies":[{"name":"wp","href":"https:\/\/api.w.org\/{rel}","templated":true}]}}