{"id":88270,"date":"2020-08-15T12:39:53","date_gmt":"2020-08-15T12:39:53","guid":{"rendered":"https:\/\/clearchox.com\/en\/?post_type=product&#038;p=88270"},"modified":"2025-11-10T08:20:21","modified_gmt":"2025-11-10T08:20:21","slug":"theo-philo-dark-with-labuyo-chili-65","status":"publish","type":"product","link":"https:\/\/clearchox.com\/fr\/shop\/theo-philo-dark-with-labuyo-chili-65\/","title":{"rendered":"Theo &#038; Philo &#8211; Noir avec Labuyo-chili 65%"},"content":{"rendered":"","protected":false},"excerpt":{"rendered":"<p>Cette barre est comme la vie, douce et consistante. Du chocolat velout\u00e9 avec le piquant du piment labuyo philippin, qui a \u00e9t\u00e9 inclus dans l&rsquo;Arche du Go\u00fbt par Slow Food.<\/p>\n","protected":false},"featured_media":88291,"comment_status":"open","ping_status":"closed","template":"","meta":[],"product_brand":[755],"product_cat":[733,734,15,736],"product_tag":[],"class_list":{"0":"post-88270","1":"product","2":"type-product","3":"status-publish","4":"has-post-thumbnail","6":"product_brand-theo-philo-et","7":"product_cat-awards","8":"product_cat-bean-to-bar","9":"product_cat-chocolat","10":"product_cat-vegane","11":"infinite-scroll-item","12":"resize-featured-image","13":"sales-flash-overlay","14":"woocommerce-text-align-center","15":"woocommerce-image-align-center","16":"wc-has-gallery","18":"first","19":"outofstock","20":"taxable","21":"shipping-taxable","22":"purchasable","23":"product-type-simple"},"_links":{"self":[{"href":"https:\/\/clearchox.com\/fr\/wp-json\/wp\/v2\/product\/88270","targetHints":{"allow":["GET"]}}],"collection":[{"href":"https:\/\/clearchox.com\/fr\/wp-json\/wp\/v2\/product"}],"about":[{"href":"https:\/\/clearchox.com\/fr\/wp-json\/wp\/v2\/types\/product"}],"replies":[{"embeddable":true,"href":"https:\/\/clearchox.com\/fr\/wp-json\/wp\/v2\/comments?post=88270"}],"wp:featuredmedia":[{"embeddable":true,"href":"https:\/\/clearchox.com\/fr\/wp-json\/wp\/v2\/media\/88291"}],"wp:attachment":[{"href":"https:\/\/clearchox.com\/fr\/wp-json\/wp\/v2\/media?parent=88270"}],"wp:term":[{"taxonomy":"product_brand","embeddable":true,"href":"https:\/\/clearchox.com\/fr\/wp-json\/wp\/v2\/product_brand?post=88270"},{"taxonomy":"product_cat","embeddable":true,"href":"https:\/\/clearchox.com\/fr\/wp-json\/wp\/v2\/product_cat?post=88270"},{"taxonomy":"product_tag","embeddable":true,"href":"https:\/\/clearchox.com\/fr\/wp-json\/wp\/v2\/product_tag?post=88270"}],"curies":[{"name":"wp","href":"https:\/\/api.w.org\/{rel}","templated":true}]}}