{"id":88271,"date":"2020-08-15T13:24:22","date_gmt":"2020-08-15T13:24:22","guid":{"rendered":"https:\/\/clearchox.com\/en\/?post_type=product&#038;p=88271"},"modified":"2025-11-26T13:19:52","modified_gmt":"2025-11-26T13:19:52","slug":"theo-philo-milk-chocolate-with-barako-coffee","status":"publish","type":"product","link":"https:\/\/clearchox.com\/fr\/shop\/theo-philo-milk-chocolate-with-barako-coffee\/","title":{"rendered":"Theo &#038; Philo &#8211; Chocolat au Lait avec Caf\u00e9 Barako"},"content":{"rendered":"","protected":false},"excerpt":{"rendered":"<p>Une pinc\u00e9e de caf\u00e9 Barako hautement torr\u00e9fi\u00e9 avec du chocolat au lait sup\u00e9rieur donne \u00e0 votre journ\u00e9e un coup de fouet et vous fait sauter de joie !<\/p>\n","protected":false},"featured_media":88300,"comment_status":"open","ping_status":"closed","template":"","meta":[],"product_brand":[755],"product_cat":[734,15],"product_tag":[],"class_list":{"0":"post-88271","1":"product","2":"type-product","3":"status-publish","4":"has-post-thumbnail","6":"product_brand-theo-philo-et","7":"product_cat-bean-to-bar","8":"product_cat-chocolat","9":"infinite-scroll-item","10":"resize-featured-image","11":"sales-flash-overlay","12":"woocommerce-text-align-center","13":"woocommerce-image-align-center","14":"wc-has-gallery","16":"first","17":"outofstock","18":"taxable","19":"shipping-taxable","20":"purchasable","21":"product-type-simple"},"_links":{"self":[{"href":"https:\/\/clearchox.com\/fr\/wp-json\/wp\/v2\/product\/88271","targetHints":{"allow":["GET"]}}],"collection":[{"href":"https:\/\/clearchox.com\/fr\/wp-json\/wp\/v2\/product"}],"about":[{"href":"https:\/\/clearchox.com\/fr\/wp-json\/wp\/v2\/types\/product"}],"replies":[{"embeddable":true,"href":"https:\/\/clearchox.com\/fr\/wp-json\/wp\/v2\/comments?post=88271"}],"wp:featuredmedia":[{"embeddable":true,"href":"https:\/\/clearchox.com\/fr\/wp-json\/wp\/v2\/media\/88300"}],"wp:attachment":[{"href":"https:\/\/clearchox.com\/fr\/wp-json\/wp\/v2\/media?parent=88271"}],"wp:term":[{"taxonomy":"product_brand","embeddable":true,"href":"https:\/\/clearchox.com\/fr\/wp-json\/wp\/v2\/product_brand?post=88271"},{"taxonomy":"product_cat","embeddable":true,"href":"https:\/\/clearchox.com\/fr\/wp-json\/wp\/v2\/product_cat?post=88271"},{"taxonomy":"product_tag","embeddable":true,"href":"https:\/\/clearchox.com\/fr\/wp-json\/wp\/v2\/product_tag?post=88271"}],"curies":[{"name":"wp","href":"https:\/\/api.w.org\/{rel}","templated":true}]}}