{"id":88272,"date":"2020-08-15T13:41:48","date_gmt":"2020-08-15T13:41:48","guid":{"rendered":"https:\/\/clearchox.com\/en\/?post_type=product&#038;p=88272"},"modified":"2025-12-04T12:29:36","modified_gmt":"2025-12-04T12:29:36","slug":"theo-philo-dark-chocolate-with-mango-chili-and-cocoa-nibs-65","status":"publish","type":"product","link":"https:\/\/clearchox.com\/fr\/shop\/theo-philo-dark-chocolate-with-mango-chili-and-cocoa-nibs-65\/","title":{"rendered":"Theo &#038; Philo &#8211; Noir avec Mangue, Piment et \u00c9clats de Cacao 65%"},"content":{"rendered":"","protected":false},"excerpt":{"rendered":"<p>La mangue sucr\u00e9e, le piment fort et les p\u00e9pites de cacao noisette forment une d\u00e9licieuse combinaison. Toutes les bonnes choses viennent par trois !<\/p>\n","protected":false},"featured_media":88301,"comment_status":"open","ping_status":"closed","template":"","meta":[],"product_brand":[755],"product_cat":[734,15,736],"product_tag":[],"class_list":{"0":"post-88272","1":"product","2":"type-product","3":"status-publish","4":"has-post-thumbnail","6":"product_brand-theo-philo-et","7":"product_cat-bean-to-bar","8":"product_cat-chocolat","9":"product_cat-vegane","10":"infinite-scroll-item","11":"resize-featured-image","12":"sales-flash-overlay","13":"woocommerce-text-align-center","14":"woocommerce-image-align-center","15":"wc-has-gallery","17":"first","18":"outofstock","19":"taxable","20":"shipping-taxable","21":"purchasable","22":"product-type-simple"},"_links":{"self":[{"href":"https:\/\/clearchox.com\/fr\/wp-json\/wp\/v2\/product\/88272","targetHints":{"allow":["GET"]}}],"collection":[{"href":"https:\/\/clearchox.com\/fr\/wp-json\/wp\/v2\/product"}],"about":[{"href":"https:\/\/clearchox.com\/fr\/wp-json\/wp\/v2\/types\/product"}],"replies":[{"embeddable":true,"href":"https:\/\/clearchox.com\/fr\/wp-json\/wp\/v2\/comments?post=88272"}],"wp:featuredmedia":[{"embeddable":true,"href":"https:\/\/clearchox.com\/fr\/wp-json\/wp\/v2\/media\/88301"}],"wp:attachment":[{"href":"https:\/\/clearchox.com\/fr\/wp-json\/wp\/v2\/media?parent=88272"}],"wp:term":[{"taxonomy":"product_brand","embeddable":true,"href":"https:\/\/clearchox.com\/fr\/wp-json\/wp\/v2\/product_brand?post=88272"},{"taxonomy":"product_cat","embeddable":true,"href":"https:\/\/clearchox.com\/fr\/wp-json\/wp\/v2\/product_cat?post=88272"},{"taxonomy":"product_tag","embeddable":true,"href":"https:\/\/clearchox.com\/fr\/wp-json\/wp\/v2\/product_tag?post=88272"}],"curies":[{"name":"wp","href":"https:\/\/api.w.org\/{rel}","templated":true}]}}