{"id":88554,"date":"2020-08-24T12:53:48","date_gmt":"2020-08-24T12:53:48","guid":{"rendered":"https:\/\/clearchox.com\/en\/?post_type=product&#038;p=88554"},"modified":"2025-11-04T10:23:59","modified_gmt":"2025-11-04T10:23:59","slug":"georgia-ramon-brazil-60-bio","status":"publish","type":"product","link":"https:\/\/clearchox.com\/fr\/shop\/georgia-ramon-brazil-60-bio\/","title":{"rendered":"Georgia Ramon Br\u00e9sil au lait 60% BIO"},"content":{"rendered":"","protected":false},"excerpt":{"rendered":"<p>Ce chocolat au lait noir est un parfait exemple de pourquoi le cacao br\u00e9silien terreux et le lait cr\u00e9meux sucr\u00e9 sont consid\u00e9r\u00e9s par beaucoup comme un jeu paradisiaque.<\/p>\n","protected":false},"featured_media":88557,"comment_status":"open","ping_status":"closed","template":"","meta":[],"product_brand":[77],"product_cat":[734,735,15],"product_tag":[24],"class_list":{"0":"post-88554","1":"product","2":"type-product","3":"status-publish","4":"has-post-thumbnail","6":"product_brand-georgia-ramon","7":"product_cat-bean-to-bar","8":"product_cat-bio","9":"product_cat-chocolat","10":"product_tag-visible","11":"product_shipping_class-16","12":"infinite-scroll-item","13":"resize-featured-image","14":"sales-flash-overlay","15":"woocommerce-text-align-center","16":"woocommerce-image-align-center","17":"wc-has-gallery","19":"first","20":"outofstock","21":"taxable","22":"shipping-taxable","23":"purchasable","24":"product-type-simple"},"_links":{"self":[{"href":"https:\/\/clearchox.com\/fr\/wp-json\/wp\/v2\/product\/88554","targetHints":{"allow":["GET"]}}],"collection":[{"href":"https:\/\/clearchox.com\/fr\/wp-json\/wp\/v2\/product"}],"about":[{"href":"https:\/\/clearchox.com\/fr\/wp-json\/wp\/v2\/types\/product"}],"replies":[{"embeddable":true,"href":"https:\/\/clearchox.com\/fr\/wp-json\/wp\/v2\/comments?post=88554"}],"wp:featuredmedia":[{"embeddable":true,"href":"https:\/\/clearchox.com\/fr\/wp-json\/wp\/v2\/media\/88557"}],"wp:attachment":[{"href":"https:\/\/clearchox.com\/fr\/wp-json\/wp\/v2\/media?parent=88554"}],"wp:term":[{"taxonomy":"product_brand","embeddable":true,"href":"https:\/\/clearchox.com\/fr\/wp-json\/wp\/v2\/product_brand?post=88554"},{"taxonomy":"product_cat","embeddable":true,"href":"https:\/\/clearchox.com\/fr\/wp-json\/wp\/v2\/product_cat?post=88554"},{"taxonomy":"product_tag","embeddable":true,"href":"https:\/\/clearchox.com\/fr\/wp-json\/wp\/v2\/product_tag?post=88554"}],"curies":[{"name":"wp","href":"https:\/\/api.w.org\/{rel}","templated":true}]}}