{"id":88647,"date":"2020-08-25T16:53:17","date_gmt":"2020-08-25T16:53:17","guid":{"rendered":"https:\/\/clearchox.com\/en\/?post_type=product&#038;p=88647"},"modified":"2026-03-26T13:19:28","modified_gmt":"2026-03-26T13:19:28","slug":"georgia-ramon-chuncho-peru-74-bio","status":"publish","type":"product","link":"https:\/\/clearchox.com\/fr\/shop\/georgia-ramon-chuncho-peru-74-bio\/","title":{"rendered":"Georgia Ramon Chuncho P\u00e9rou 74% BIO"},"content":{"rendered":"","protected":false},"excerpt":{"rendered":"<p>Peut-\u00eatre le cacao le plus aromatique au monde. Le cacao Chuncho d&rsquo;antan du P\u00e9rou pr\u00e9sente des notes de d\u00e9gustation de fruits, de fleurs et d&rsquo;herbes.<\/p>\n","protected":false},"featured_media":88556,"comment_status":"open","ping_status":"closed","template":"","meta":[],"product_brand":[77],"product_cat":[734,735,15,736],"product_tag":[24],"class_list":{"0":"post-88647","1":"product","2":"type-product","3":"status-publish","4":"has-post-thumbnail","6":"product_brand-georgia-ramon","7":"product_cat-bean-to-bar","8":"product_cat-bio","9":"product_cat-chocolat","10":"product_cat-vegane","11":"product_tag-visible","12":"product_shipping_class-16","13":"infinite-scroll-item","14":"resize-featured-image","15":"sales-flash-overlay","16":"woocommerce-text-align-center","17":"woocommerce-image-align-center","18":"wc-has-gallery","20":"first","21":"instock","22":"taxable","23":"shipping-taxable","24":"purchasable","25":"product-type-simple"},"_links":{"self":[{"href":"https:\/\/clearchox.com\/fr\/wp-json\/wp\/v2\/product\/88647","targetHints":{"allow":["GET"]}}],"collection":[{"href":"https:\/\/clearchox.com\/fr\/wp-json\/wp\/v2\/product"}],"about":[{"href":"https:\/\/clearchox.com\/fr\/wp-json\/wp\/v2\/types\/product"}],"replies":[{"embeddable":true,"href":"https:\/\/clearchox.com\/fr\/wp-json\/wp\/v2\/comments?post=88647"}],"wp:featuredmedia":[{"embeddable":true,"href":"https:\/\/clearchox.com\/fr\/wp-json\/wp\/v2\/media\/88556"}],"wp:attachment":[{"href":"https:\/\/clearchox.com\/fr\/wp-json\/wp\/v2\/media?parent=88647"}],"wp:term":[{"taxonomy":"product_brand","embeddable":true,"href":"https:\/\/clearchox.com\/fr\/wp-json\/wp\/v2\/product_brand?post=88647"},{"taxonomy":"product_cat","embeddable":true,"href":"https:\/\/clearchox.com\/fr\/wp-json\/wp\/v2\/product_cat?post=88647"},{"taxonomy":"product_tag","embeddable":true,"href":"https:\/\/clearchox.com\/fr\/wp-json\/wp\/v2\/product_tag?post=88647"}],"curies":[{"name":"wp","href":"https:\/\/api.w.org\/{rel}","templated":true}]}}