{"id":88922,"date":"2020-09-07T10:23:33","date_gmt":"2020-09-07T10:23:33","guid":{"rendered":"https:\/\/clearchox.com\/en\/?post_type=product&#038;p=88922"},"modified":"2026-04-07T18:23:25","modified_gmt":"2026-04-07T18:23:25","slug":"naive-lemon-liquorice-66","status":"publish","type":"product","link":"https:\/\/clearchox.com\/fr\/shop\/naive-lemon-liquorice-66\/","title":{"rendered":"Na\u00efve Citron R\u00e9glisse 66%"},"content":{"rendered":"","protected":false},"excerpt":{"rendered":"<p>Chocolat noir avec des ar\u00f4mes d&rsquo;anis herbac\u00e9 et une subtile touche de citron. Une d\u00e9licieuse combinaison qui forme rapidement une unit\u00e9 \u00e9quilibr\u00e9e avec le chocolat aromatique.<\/p>\n","protected":false},"featured_media":88923,"comment_status":"open","ping_status":"closed","template":"","meta":[],"product_brand":[100],"product_cat":[15,736],"product_tag":[],"class_list":{"0":"post-88922","1":"product","2":"type-product","3":"status-publish","4":"has-post-thumbnail","6":"product_brand-naive","7":"product_cat-chocolat","8":"product_cat-vegane","9":"infinite-scroll-item","10":"resize-featured-image","11":"sales-flash-overlay","12":"woocommerce-text-align-center","13":"woocommerce-image-align-center","14":"wc-has-gallery","16":"first","17":"instock","18":"taxable","19":"shipping-taxable","20":"purchasable","21":"product-type-simple"},"_links":{"self":[{"href":"https:\/\/clearchox.com\/fr\/wp-json\/wp\/v2\/product\/88922","targetHints":{"allow":["GET"]}}],"collection":[{"href":"https:\/\/clearchox.com\/fr\/wp-json\/wp\/v2\/product"}],"about":[{"href":"https:\/\/clearchox.com\/fr\/wp-json\/wp\/v2\/types\/product"}],"replies":[{"embeddable":true,"href":"https:\/\/clearchox.com\/fr\/wp-json\/wp\/v2\/comments?post=88922"}],"wp:featuredmedia":[{"embeddable":true,"href":"https:\/\/clearchox.com\/fr\/wp-json\/wp\/v2\/media\/88923"}],"wp:attachment":[{"href":"https:\/\/clearchox.com\/fr\/wp-json\/wp\/v2\/media?parent=88922"}],"wp:term":[{"taxonomy":"product_brand","embeddable":true,"href":"https:\/\/clearchox.com\/fr\/wp-json\/wp\/v2\/product_brand?post=88922"},{"taxonomy":"product_cat","embeddable":true,"href":"https:\/\/clearchox.com\/fr\/wp-json\/wp\/v2\/product_cat?post=88922"},{"taxonomy":"product_tag","embeddable":true,"href":"https:\/\/clearchox.com\/fr\/wp-json\/wp\/v2\/product_tag?post=88922"}],"curies":[{"name":"wp","href":"https:\/\/api.w.org\/{rel}","templated":true}]}}