{"id":88927,"date":"2020-09-07T13:05:41","date_gmt":"2020-09-07T13:05:41","guid":{"rendered":"https:\/\/clearchox.com\/en\/?post_type=product&#038;p=88927"},"modified":"2026-01-20T07:59:54","modified_gmt":"2026-01-20T07:59:54","slug":"naive-dark-chocolate-with-soursop-67","status":"publish","type":"product","link":"https:\/\/clearchox.com\/fr\/shop\/naive-dark-chocolate-with-soursop-67\/","title":{"rendered":"Na\u00efve Chocolat Noir au Corossol 67%"},"content":{"rendered":"","protected":false},"excerpt":{"rendered":"<p>67% de chocolat noir \u00e0 la graviola. Le fruit enti\u00e8rement m\u00fbr a un go\u00fbt d\u00e9licat, juteux et doux-acide qui s&rsquo;harmonise de mani\u00e8re c\u00e9leste avec le chocolat noir de Bolivie.<\/p>\n","protected":false},"featured_media":88939,"comment_status":"open","ping_status":"closed","template":"","meta":[],"product_brand":[100],"product_cat":[15,736],"product_tag":[],"class_list":{"0":"post-88927","1":"product","2":"type-product","3":"status-publish","4":"has-post-thumbnail","6":"product_brand-naive","7":"product_cat-chocolat","8":"product_cat-vegane","9":"infinite-scroll-item","10":"resize-featured-image","11":"sales-flash-overlay","12":"woocommerce-text-align-center","13":"woocommerce-image-align-center","14":"wc-has-gallery","16":"first","17":"outofstock","18":"taxable","19":"shipping-taxable","20":"purchasable","21":"product-type-simple"},"_links":{"self":[{"href":"https:\/\/clearchox.com\/fr\/wp-json\/wp\/v2\/product\/88927","targetHints":{"allow":["GET"]}}],"collection":[{"href":"https:\/\/clearchox.com\/fr\/wp-json\/wp\/v2\/product"}],"about":[{"href":"https:\/\/clearchox.com\/fr\/wp-json\/wp\/v2\/types\/product"}],"replies":[{"embeddable":true,"href":"https:\/\/clearchox.com\/fr\/wp-json\/wp\/v2\/comments?post=88927"}],"wp:featuredmedia":[{"embeddable":true,"href":"https:\/\/clearchox.com\/fr\/wp-json\/wp\/v2\/media\/88939"}],"wp:attachment":[{"href":"https:\/\/clearchox.com\/fr\/wp-json\/wp\/v2\/media?parent=88927"}],"wp:term":[{"taxonomy":"product_brand","embeddable":true,"href":"https:\/\/clearchox.com\/fr\/wp-json\/wp\/v2\/product_brand?post=88927"},{"taxonomy":"product_cat","embeddable":true,"href":"https:\/\/clearchox.com\/fr\/wp-json\/wp\/v2\/product_cat?post=88927"},{"taxonomy":"product_tag","embeddable":true,"href":"https:\/\/clearchox.com\/fr\/wp-json\/wp\/v2\/product_tag?post=88927"}],"curies":[{"name":"wp","href":"https:\/\/api.w.org\/{rel}","templated":true}]}}