{"id":88943,"date":"2020-09-07T14:50:37","date_gmt":"2020-09-07T14:50:37","guid":{"rendered":"https:\/\/clearchox.com\/en\/?post_type=product&#038;p=88943"},"modified":"2026-03-30T07:18:01","modified_gmt":"2026-03-30T07:18:01","slug":"naive-molecules-purple-75","status":"publish","type":"product","link":"https:\/\/clearchox.com\/fr\/shop\/naive-molecules-purple-75\/","title":{"rendered":"Na\u00efve Molecules Violette 75%"},"content":{"rendered":"","protected":false},"excerpt":{"rendered":"<p>Chocolat noir bioactif. Chocolat mol\u00e9culaire d\u00e9velopp\u00e9 avec des scientifiques, pr\u00e9servant les riches quantit\u00e9s d&rsquo;endorphines, d&rsquo;antioxydants, de min\u00e9raux et de vitamines qui se trouvent naturellement dans le cacao frais. Sans sucre.<\/p>\n","protected":false},"featured_media":88933,"comment_status":"open","ping_status":"closed","template":"","meta":[],"product_brand":[100],"product_cat":[15,736],"product_tag":[24],"class_list":{"0":"post-88943","1":"product","2":"type-product","3":"status-publish","4":"has-post-thumbnail","6":"product_brand-naive","7":"product_cat-chocolat","8":"product_cat-vegane","9":"product_tag-visible","10":"product_shipping_class-16","11":"infinite-scroll-item","12":"resize-featured-image","13":"sales-flash-overlay","14":"woocommerce-text-align-center","15":"woocommerce-image-align-center","16":"wc-has-gallery","18":"first","19":"instock","20":"taxable","21":"shipping-taxable","22":"purchasable","23":"product-type-simple"},"_links":{"self":[{"href":"https:\/\/clearchox.com\/fr\/wp-json\/wp\/v2\/product\/88943","targetHints":{"allow":["GET"]}}],"collection":[{"href":"https:\/\/clearchox.com\/fr\/wp-json\/wp\/v2\/product"}],"about":[{"href":"https:\/\/clearchox.com\/fr\/wp-json\/wp\/v2\/types\/product"}],"replies":[{"embeddable":true,"href":"https:\/\/clearchox.com\/fr\/wp-json\/wp\/v2\/comments?post=88943"}],"wp:featuredmedia":[{"embeddable":true,"href":"https:\/\/clearchox.com\/fr\/wp-json\/wp\/v2\/media\/88933"}],"wp:attachment":[{"href":"https:\/\/clearchox.com\/fr\/wp-json\/wp\/v2\/media?parent=88943"}],"wp:term":[{"taxonomy":"product_brand","embeddable":true,"href":"https:\/\/clearchox.com\/fr\/wp-json\/wp\/v2\/product_brand?post=88943"},{"taxonomy":"product_cat","embeddable":true,"href":"https:\/\/clearchox.com\/fr\/wp-json\/wp\/v2\/product_cat?post=88943"},{"taxonomy":"product_tag","embeddable":true,"href":"https:\/\/clearchox.com\/fr\/wp-json\/wp\/v2\/product_tag?post=88943"}],"curies":[{"name":"wp","href":"https:\/\/api.w.org\/{rel}","templated":true}]}}