{"id":89112,"date":"2021-02-03T19:44:50","date_gmt":"2021-02-03T19:44:50","guid":{"rendered":"https:\/\/clearchox.com\/en\/?post_type=product&#038;p=89112"},"modified":"2026-03-30T07:18:04","modified_gmt":"2026-03-30T07:18:04","slug":"georgia-ramon-tanzania-crunchy-100-bio","status":"publish","type":"product","link":"https:\/\/clearchox.com\/fr\/shop\/georgia-ramon-tanzania-crunchy-100-bio\/","title":{"rendered":"Georgia Ramon Tanzania Crunchy 100% BIO"},"content":{"rendered":"","protected":false},"excerpt":{"rendered":"<p>Dans cette barre \u00e0 100%, les saveurs de fruits se d\u00e9ploient dans un cocktail d&rsquo;agrumes, accompagn\u00e9 de notes bois\u00e9es agr\u00e9ables et de saveurs l\u00e9g\u00e8res de brownie. Les \u00e9clats de f\u00e8ves de cacao sont enrob\u00e9s et fournissent un croquant suppl\u00e9mentaire.<\/p>\n","protected":false},"featured_media":89113,"comment_status":"open","ping_status":"closed","template":"","meta":[],"product_brand":[77],"product_cat":[734,735,15,736],"product_tag":[],"class_list":{"0":"post-89112","1":"product","2":"type-product","3":"status-publish","4":"has-post-thumbnail","6":"product_brand-georgia-ramon","7":"product_cat-bean-to-bar","8":"product_cat-bio","9":"product_cat-chocolat","10":"product_cat-vegane","11":"infinite-scroll-item","12":"resize-featured-image","13":"sales-flash-overlay","14":"woocommerce-text-align-center","15":"woocommerce-image-align-center","16":"wc-has-gallery","18":"first","19":"instock","20":"taxable","21":"shipping-taxable","22":"purchasable","23":"product-type-simple"},"_links":{"self":[{"href":"https:\/\/clearchox.com\/fr\/wp-json\/wp\/v2\/product\/89112","targetHints":{"allow":["GET"]}}],"collection":[{"href":"https:\/\/clearchox.com\/fr\/wp-json\/wp\/v2\/product"}],"about":[{"href":"https:\/\/clearchox.com\/fr\/wp-json\/wp\/v2\/types\/product"}],"replies":[{"embeddable":true,"href":"https:\/\/clearchox.com\/fr\/wp-json\/wp\/v2\/comments?post=89112"}],"wp:featuredmedia":[{"embeddable":true,"href":"https:\/\/clearchox.com\/fr\/wp-json\/wp\/v2\/media\/89113"}],"wp:attachment":[{"href":"https:\/\/clearchox.com\/fr\/wp-json\/wp\/v2\/media?parent=89112"}],"wp:term":[{"taxonomy":"product_brand","embeddable":true,"href":"https:\/\/clearchox.com\/fr\/wp-json\/wp\/v2\/product_brand?post=89112"},{"taxonomy":"product_cat","embeddable":true,"href":"https:\/\/clearchox.com\/fr\/wp-json\/wp\/v2\/product_cat?post=89112"},{"taxonomy":"product_tag","embeddable":true,"href":"https:\/\/clearchox.com\/fr\/wp-json\/wp\/v2\/product_tag?post=89112"}],"curies":[{"name":"wp","href":"https:\/\/api.w.org\/{rel}","templated":true}]}}