{"id":89124,"date":"2021-02-04T19:18:07","date_gmt":"2021-02-04T19:18:07","guid":{"rendered":"https:\/\/clearchox.com\/en\/?post_type=product&#038;p=89124"},"modified":"2026-03-26T13:19:40","modified_gmt":"2026-03-26T13:19:40","slug":"georgia-ramon-panama-72-bio","status":"publish","type":"product","link":"https:\/\/clearchox.com\/fr\/shop\/georgia-ramon-panama-72-bio\/","title":{"rendered":"Georgia Ramon Panama 72% BIO"},"content":{"rendered":"","protected":false},"excerpt":{"rendered":"<p>Ce chocolat \u00e0 72% de cacao panam\u00e9en a un ar\u00f4me intense de cacao avec des notes de bois et de nuances de noix &#8211; le plaisir parfait.<\/p>\n","protected":false},"featured_media":89126,"comment_status":"open","ping_status":"closed","template":"","meta":[],"product_brand":[77],"product_cat":[735,15,736],"product_tag":[],"class_list":{"0":"post-89124","1":"product","2":"type-product","3":"status-publish","4":"has-post-thumbnail","6":"product_brand-georgia-ramon","7":"product_cat-bio","8":"product_cat-chocolat","9":"product_cat-vegane","10":"infinite-scroll-item","11":"resize-featured-image","12":"sales-flash-overlay","13":"woocommerce-text-align-center","14":"woocommerce-image-align-center","15":"wc-has-gallery","17":"first","18":"instock","19":"taxable","20":"shipping-taxable","21":"purchasable","22":"product-type-simple"},"_links":{"self":[{"href":"https:\/\/clearchox.com\/fr\/wp-json\/wp\/v2\/product\/89124","targetHints":{"allow":["GET"]}}],"collection":[{"href":"https:\/\/clearchox.com\/fr\/wp-json\/wp\/v2\/product"}],"about":[{"href":"https:\/\/clearchox.com\/fr\/wp-json\/wp\/v2\/types\/product"}],"replies":[{"embeddable":true,"href":"https:\/\/clearchox.com\/fr\/wp-json\/wp\/v2\/comments?post=89124"}],"wp:featuredmedia":[{"embeddable":true,"href":"https:\/\/clearchox.com\/fr\/wp-json\/wp\/v2\/media\/89126"}],"wp:attachment":[{"href":"https:\/\/clearchox.com\/fr\/wp-json\/wp\/v2\/media?parent=89124"}],"wp:term":[{"taxonomy":"product_brand","embeddable":true,"href":"https:\/\/clearchox.com\/fr\/wp-json\/wp\/v2\/product_brand?post=89124"},{"taxonomy":"product_cat","embeddable":true,"href":"https:\/\/clearchox.com\/fr\/wp-json\/wp\/v2\/product_cat?post=89124"},{"taxonomy":"product_tag","embeddable":true,"href":"https:\/\/clearchox.com\/fr\/wp-json\/wp\/v2\/product_tag?post=89124"}],"curies":[{"name":"wp","href":"https:\/\/api.w.org\/{rel}","templated":true}]}}