{"id":89181,"date":"2021-04-05T12:14:31","date_gmt":"2021-04-05T12:14:31","guid":{"rendered":"https:\/\/clearchox.com\/en\/shop\/auro-couvertures-100\/"},"modified":"2025-11-27T09:49:05","modified_gmt":"2025-11-27T09:49:05","slug":"auro-couverture-100","status":"publish","type":"product","link":"https:\/\/clearchox.com\/fr\/shop\/auro-couverture-100\/","title":{"rendered":"Auro Couverture 100% (pi\u00e8ces) 350 g"},"content":{"rendered":"<p><strong>Ingr\u00e9dients<\/strong> : f\u00e8ves de cacao.<\/p>\n<p><span style=\"color: #993300;\"><strong>Peut contenir des traces de soja, de lait, d&rsquo;arachides et de fruits \u00e0 coque.<\/strong><\/span><\/p>\n<p>&nbsp;<\/p>\n<table width=\"593\">\n<tbody>\n<tr>\n<td width=\"333\"><strong>Nutritional values\/N\u00e4hrwerte\/Voedingswaarde\/Valeurs nutritionnelles<\/strong><\/td>\n<td width=\"260\"><strong>per\/pro\/per\/pour 100 g<\/strong><\/td>\n<\/tr>\n<tr>\n<td>Energy\/Energie\/Valeur \u00e9nerg\u00e9tique<\/td>\n<td>600 kcal \/ 2510 kJ<\/td>\n<\/tr>\n<tr>\n<td>Fat\/Fett\/Vetten\/Lipides<\/td>\n<td>51 g<\/td>\n<\/tr>\n<tr>\n<td>of which saturated\/davon ges\u00e4ttigte Fetts\u00e4uren\/waarvan verzadigd\/dont acides gras satur\u00e9s<\/td>\n<td>31 g<\/td>\n<\/tr>\n<tr>\n<td>Carbohydrates\/Kohlenhydrate\/Koolhydraten\/Glucides<\/td>\n<td>24 g<\/td>\n<\/tr>\n<tr>\n<td>of which sugar\/davon Zucker\/waarvan suiker\/dont sucre<\/td>\n<td>1 g<\/td>\n<\/tr>\n<tr>\n<td>Proteins\/Eiweiss\/Eiwitten\/Prot\u00e9ines<\/td>\n<td>13 g<\/td>\n<\/tr>\n<tr>\n<td>Salt\/Salz\/Zout\/Sel<\/td>\n<td>3 mg<\/td>\n<\/tr>\n<\/tbody>\n<\/table>\n","protected":false},"excerpt":{"rendered":"<p>Chocolat de couverture non sucr\u00e9e 100% prim\u00e9e, fabriqu\u00e9e \u00e0 partir des meilleures f\u00e8ves de cacao provenant directement des agriculteurs de Davao. Les barres ou les gouttes sont parfaites pour toutes les pr\u00e9parations ult\u00e9rieures.<\/p>\n","protected":false},"featured_media":89239,"comment_status":"open","ping_status":"closed","template":"","meta":[],"product_brand":[116],"product_cat":[733,734,15,736],"product_tag":[],"class_list":{"0":"post-89181","1":"product","2":"type-product","3":"status-publish","4":"has-post-thumbnail","6":"product_brand-auro","7":"product_cat-awards","8":"product_cat-bean-to-bar","9":"product_cat-chocolat","10":"product_cat-vegane","11":"infinite-scroll-item","12":"resize-featured-image","13":"sales-flash-overlay","14":"woocommerce-text-align-center","15":"woocommerce-image-align-center","16":"wc-has-gallery","18":"first","19":"outofstock","20":"taxable","21":"shipping-taxable","22":"purchasable","23":"product-type-simple"},"_links":{"self":[{"href":"https:\/\/clearchox.com\/fr\/wp-json\/wp\/v2\/product\/89181","targetHints":{"allow":["GET"]}}],"collection":[{"href":"https:\/\/clearchox.com\/fr\/wp-json\/wp\/v2\/product"}],"about":[{"href":"https:\/\/clearchox.com\/fr\/wp-json\/wp\/v2\/types\/product"}],"replies":[{"embeddable":true,"href":"https:\/\/clearchox.com\/fr\/wp-json\/wp\/v2\/comments?post=89181"}],"wp:featuredmedia":[{"embeddable":true,"href":"https:\/\/clearchox.com\/fr\/wp-json\/wp\/v2\/media\/89239"}],"wp:attachment":[{"href":"https:\/\/clearchox.com\/fr\/wp-json\/wp\/v2\/media?parent=89181"}],"wp:term":[{"taxonomy":"product_brand","embeddable":true,"href":"https:\/\/clearchox.com\/fr\/wp-json\/wp\/v2\/product_brand?post=89181"},{"taxonomy":"product_cat","embeddable":true,"href":"https:\/\/clearchox.com\/fr\/wp-json\/wp\/v2\/product_cat?post=89181"},{"taxonomy":"product_tag","embeddable":true,"href":"https:\/\/clearchox.com\/fr\/wp-json\/wp\/v2\/product_tag?post=89181"}],"curies":[{"name":"wp","href":"https:\/\/api.w.org\/{rel}","templated":true}]}}