{"id":89207,"date":"2021-04-13T09:44:08","date_gmt":"2021-04-13T09:44:08","guid":{"rendered":"https:\/\/clearchox.com\/en\/?post_type=product&#038;p=89207"},"modified":"2025-10-24T11:58:47","modified_gmt":"2025-10-24T11:58:47","slug":"theo-philo-milk-chocolate-adobo","status":"publish","type":"product","link":"https:\/\/clearchox.com\/fr\/shop\/theo-philo-milk-chocolate-adobo\/","title":{"rendered":"Theo &#038; Philo &#8211; Adobo Chocolat au Lait"},"content":{"rendered":"","protected":false},"excerpt":{"rendered":"<p>Du chocolat au lait prim\u00e9 avec du toffee de soja et du poivre noir. Cette barre fera fondre n&rsquo;importe quel c\u0153ur avec sa saveur poivr\u00e9e et son brillant go\u00fbt de toffee, tout cela gr\u00e2ce \u00e0 un d\u00e9licieux plat adobo.<\/p>\n","protected":false},"featured_media":89208,"comment_status":"open","ping_status":"closed","template":"","meta":[],"product_brand":[755],"product_cat":[733,734,15],"product_tag":[],"class_list":{"0":"post-89207","1":"product","2":"type-product","3":"status-publish","4":"has-post-thumbnail","6":"product_brand-theo-philo-et","7":"product_cat-awards","8":"product_cat-bean-to-bar","9":"product_cat-chocolat","10":"infinite-scroll-item","11":"resize-featured-image","12":"sales-flash-overlay","13":"woocommerce-text-align-center","14":"woocommerce-image-align-center","15":"wc-has-gallery","17":"first","18":"outofstock","19":"taxable","20":"shipping-taxable","21":"purchasable","22":"product-type-simple"},"_links":{"self":[{"href":"https:\/\/clearchox.com\/fr\/wp-json\/wp\/v2\/product\/89207","targetHints":{"allow":["GET"]}}],"collection":[{"href":"https:\/\/clearchox.com\/fr\/wp-json\/wp\/v2\/product"}],"about":[{"href":"https:\/\/clearchox.com\/fr\/wp-json\/wp\/v2\/types\/product"}],"replies":[{"embeddable":true,"href":"https:\/\/clearchox.com\/fr\/wp-json\/wp\/v2\/comments?post=89207"}],"wp:featuredmedia":[{"embeddable":true,"href":"https:\/\/clearchox.com\/fr\/wp-json\/wp\/v2\/media\/89208"}],"wp:attachment":[{"href":"https:\/\/clearchox.com\/fr\/wp-json\/wp\/v2\/media?parent=89207"}],"wp:term":[{"taxonomy":"product_brand","embeddable":true,"href":"https:\/\/clearchox.com\/fr\/wp-json\/wp\/v2\/product_brand?post=89207"},{"taxonomy":"product_cat","embeddable":true,"href":"https:\/\/clearchox.com\/fr\/wp-json\/wp\/v2\/product_cat?post=89207"},{"taxonomy":"product_tag","embeddable":true,"href":"https:\/\/clearchox.com\/fr\/wp-json\/wp\/v2\/product_tag?post=89207"}],"curies":[{"name":"wp","href":"https:\/\/api.w.org\/{rel}","templated":true}]}}