{"id":89322,"date":"2021-07-08T18:38:01","date_gmt":"2021-07-08T18:38:01","guid":{"rendered":"https:\/\/clearchox.com\/en\/?post_type=product&#038;p=89322"},"modified":"2026-03-26T13:19:43","modified_gmt":"2026-03-26T13:19:43","slug":"georgia-ramon-guatemala-70-bio","status":"publish","type":"product","link":"https:\/\/clearchox.com\/fr\/shop\/georgia-ramon-guatemala-70-bio\/","title":{"rendered":"Georgia Ramon Guatemala 70% BIO"},"content":{"rendered":"","protected":false},"excerpt":{"rendered":"<p>Les notes de cacao du chocolat noir sont vari\u00e9es et intenses. Les ar\u00f4mes torr\u00e9fi\u00e9s, ainsi que le malt, la noix et les agrumes se combinent pour cr\u00e9er un spectacle en bouche avec une longue finalit\u00e9. On en veut plus !<\/p>\n","protected":false},"featured_media":89315,"comment_status":"open","ping_status":"closed","template":"","meta":[],"product_brand":[77],"product_cat":[734,735,15,736],"product_tag":[],"class_list":{"0":"post-89322","1":"product","2":"type-product","3":"status-publish","4":"has-post-thumbnail","6":"product_brand-georgia-ramon","7":"product_cat-bean-to-bar","8":"product_cat-bio","9":"product_cat-chocolat","10":"product_cat-vegane","11":"product_shipping_class-16","12":"infinite-scroll-item","13":"resize-featured-image","14":"sales-flash-overlay","15":"woocommerce-text-align-center","16":"woocommerce-image-align-center","17":"wc-has-gallery","19":"first","20":"instock","21":"taxable","22":"shipping-taxable","23":"purchasable","24":"product-type-simple"},"_links":{"self":[{"href":"https:\/\/clearchox.com\/fr\/wp-json\/wp\/v2\/product\/89322","targetHints":{"allow":["GET"]}}],"collection":[{"href":"https:\/\/clearchox.com\/fr\/wp-json\/wp\/v2\/product"}],"about":[{"href":"https:\/\/clearchox.com\/fr\/wp-json\/wp\/v2\/types\/product"}],"replies":[{"embeddable":true,"href":"https:\/\/clearchox.com\/fr\/wp-json\/wp\/v2\/comments?post=89322"}],"wp:featuredmedia":[{"embeddable":true,"href":"https:\/\/clearchox.com\/fr\/wp-json\/wp\/v2\/media\/89315"}],"wp:attachment":[{"href":"https:\/\/clearchox.com\/fr\/wp-json\/wp\/v2\/media?parent=89322"}],"wp:term":[{"taxonomy":"product_brand","embeddable":true,"href":"https:\/\/clearchox.com\/fr\/wp-json\/wp\/v2\/product_brand?post=89322"},{"taxonomy":"product_cat","embeddable":true,"href":"https:\/\/clearchox.com\/fr\/wp-json\/wp\/v2\/product_cat?post=89322"},{"taxonomy":"product_tag","embeddable":true,"href":"https:\/\/clearchox.com\/fr\/wp-json\/wp\/v2\/product_tag?post=89322"}],"curies":[{"name":"wp","href":"https:\/\/api.w.org\/{rel}","templated":true}]}}