{"id":89343,"date":"2021-07-15T14:41:21","date_gmt":"2021-07-15T14:41:21","guid":{"rendered":"https:\/\/clearchox.com\/en\/?post_type=product&#038;p=89343"},"modified":"2026-02-25T19:13:43","modified_gmt":"2026-02-25T19:13:43","slug":"original-beans-couverture-virunga-70-bio","status":"publish","type":"product","link":"https:\/\/clearchox.com\/fr\/shop\/original-beans-couverture-virunga-70-bio\/","title":{"rendered":"Original Beans Couverture Virunga 70% BIO"},"content":{"rendered":"","protected":false},"excerpt":{"rendered":"<p>Drops, discs, couvertures. Laur\u00e9at de la m\u00e9daille d&rsquo;argent de l&rsquo;Acad\u00e9mie du Chocolat en 2011. Un chocolat pur avec des saveurs complexes et une grande profondeur, fabriqu\u00e9 \u00e0 partir de f\u00e8ves de cacao biologiques du Parc National des Virunga au Congo.<\/p>\n","protected":false},"featured_media":89346,"comment_status":"open","ping_status":"closed","template":"","meta":[],"product_brand":[27],"product_cat":[735,15,736],"product_tag":[24],"class_list":{"0":"post-89343","1":"product","2":"type-product","3":"status-publish","4":"has-post-thumbnail","6":"product_brand-original-beans","7":"product_cat-bio","8":"product_cat-chocolat","9":"product_cat-vegane","10":"product_tag-visible","11":"product_shipping_class-16","12":"infinite-scroll-item","13":"resize-featured-image","14":"sales-flash-overlay","15":"woocommerce-text-align-center","16":"woocommerce-image-align-center","17":"wc-has-gallery","19":"first","20":"outofstock","21":"taxable","22":"shipping-taxable","23":"purchasable","24":"product-type-simple"},"_links":{"self":[{"href":"https:\/\/clearchox.com\/fr\/wp-json\/wp\/v2\/product\/89343","targetHints":{"allow":["GET"]}}],"collection":[{"href":"https:\/\/clearchox.com\/fr\/wp-json\/wp\/v2\/product"}],"about":[{"href":"https:\/\/clearchox.com\/fr\/wp-json\/wp\/v2\/types\/product"}],"replies":[{"embeddable":true,"href":"https:\/\/clearchox.com\/fr\/wp-json\/wp\/v2\/comments?post=89343"}],"wp:featuredmedia":[{"embeddable":true,"href":"https:\/\/clearchox.com\/fr\/wp-json\/wp\/v2\/media\/89346"}],"wp:attachment":[{"href":"https:\/\/clearchox.com\/fr\/wp-json\/wp\/v2\/media?parent=89343"}],"wp:term":[{"taxonomy":"product_brand","embeddable":true,"href":"https:\/\/clearchox.com\/fr\/wp-json\/wp\/v2\/product_brand?post=89343"},{"taxonomy":"product_cat","embeddable":true,"href":"https:\/\/clearchox.com\/fr\/wp-json\/wp\/v2\/product_cat?post=89343"},{"taxonomy":"product_tag","embeddable":true,"href":"https:\/\/clearchox.com\/fr\/wp-json\/wp\/v2\/product_tag?post=89343"}],"curies":[{"name":"wp","href":"https:\/\/api.w.org\/{rel}","templated":true}]}}