{"id":89349,"date":"2021-07-16T11:46:33","date_gmt":"2021-07-16T11:46:33","guid":{"rendered":"https:\/\/clearchox.com\/en\/?post_type=product&#038;p=89349"},"modified":"2026-02-25T19:13:42","modified_gmt":"2026-02-25T19:13:42","slug":"original-beans-couverture-piura-75-bio","status":"publish","type":"product","link":"https:\/\/clearchox.com\/fr\/shop\/original-beans-couverture-piura-75-bio\/","title":{"rendered":"Original Beans Couverture Piura 75% BIO"},"content":{"rendered":"","protected":false},"excerpt":{"rendered":"<p>Couvertures, discs, drops &#8211; ce chocolat noir \u00e0 base de f\u00e8ves de cacao Piura Porcelana de la vall\u00e9e de Piura au P\u00e9rou est destin\u00e9 \u00e0 la cuisine. On l&rsquo;appelle le haricot blanc, mais le chocolat a une belle couleur rouge-pourpre-brun. Cacao extraordinaire et go\u00fbt d\u00e9licat : framboises, citron vert et noix de p\u00e9can.<\/p>\n","protected":false},"featured_media":89345,"comment_status":"open","ping_status":"closed","template":"","meta":[],"product_brand":[27],"product_cat":[735,15,736],"product_tag":[24],"class_list":{"0":"post-89349","1":"product","2":"type-product","3":"status-publish","4":"has-post-thumbnail","6":"product_brand-original-beans","7":"product_cat-bio","8":"product_cat-chocolat","9":"product_cat-vegane","10":"product_tag-visible","11":"product_shipping_class-16","12":"infinite-scroll-item","13":"resize-featured-image","14":"sales-flash-overlay","15":"woocommerce-text-align-center","16":"woocommerce-image-align-center","17":"wc-has-gallery","19":"first","20":"instock","21":"taxable","22":"shipping-taxable","23":"purchasable","24":"product-type-simple"},"_links":{"self":[{"href":"https:\/\/clearchox.com\/fr\/wp-json\/wp\/v2\/product\/89349","targetHints":{"allow":["GET"]}}],"collection":[{"href":"https:\/\/clearchox.com\/fr\/wp-json\/wp\/v2\/product"}],"about":[{"href":"https:\/\/clearchox.com\/fr\/wp-json\/wp\/v2\/types\/product"}],"replies":[{"embeddable":true,"href":"https:\/\/clearchox.com\/fr\/wp-json\/wp\/v2\/comments?post=89349"}],"wp:featuredmedia":[{"embeddable":true,"href":"https:\/\/clearchox.com\/fr\/wp-json\/wp\/v2\/media\/89345"}],"wp:attachment":[{"href":"https:\/\/clearchox.com\/fr\/wp-json\/wp\/v2\/media?parent=89349"}],"wp:term":[{"taxonomy":"product_brand","embeddable":true,"href":"https:\/\/clearchox.com\/fr\/wp-json\/wp\/v2\/product_brand?post=89349"},{"taxonomy":"product_cat","embeddable":true,"href":"https:\/\/clearchox.com\/fr\/wp-json\/wp\/v2\/product_cat?post=89349"},{"taxonomy":"product_tag","embeddable":true,"href":"https:\/\/clearchox.com\/fr\/wp-json\/wp\/v2\/product_tag?post=89349"}],"curies":[{"name":"wp","href":"https:\/\/api.w.org\/{rel}","templated":true}]}}