{"id":89350,"date":"2021-07-16T11:53:50","date_gmt":"2021-07-16T11:53:50","guid":{"rendered":"https:\/\/clearchox.com\/en\/?post_type=product&#038;p=89350"},"modified":"2026-02-25T19:13:45","modified_gmt":"2026-02-25T19:13:45","slug":"original-beans-couverture-esmeraldas-milk-chocolate-42-bio","status":"publish","type":"product","link":"https:\/\/clearchox.com\/fr\/shop\/original-beans-couverture-esmeraldas-milk-chocolate-42-bio\/","title":{"rendered":"Original Beans Couverture Chocolat au Lait Esmeraldas 42% BIO"},"content":{"rendered":"","protected":false},"excerpt":{"rendered":"<p>Couverture, discs, drops. Pour la cuisine. Un chocolat au lait merveilleusement harmonieux \u00e0 base de f\u00e8ves de cacao Arriba\/Nacional biologiques de l&rsquo;Esmeraldas d&rsquo;\u00c9quateur. Agr\u00e9ment\u00e9 d&rsquo;une touche de sel. D\u00e9licieux !<\/p>\n","protected":false},"featured_media":89344,"comment_status":"open","ping_status":"closed","template":"","meta":[],"product_brand":[27],"product_cat":[735,15],"product_tag":[24],"class_list":{"0":"post-89350","1":"product","2":"type-product","3":"status-publish","4":"has-post-thumbnail","6":"product_brand-original-beans","7":"product_cat-bio","8":"product_cat-chocolat","9":"product_tag-visible","10":"product_shipping_class-16","11":"infinite-scroll-item","12":"resize-featured-image","13":"sales-flash-overlay","14":"woocommerce-text-align-center","15":"woocommerce-image-align-center","16":"wc-has-gallery","18":"first","19":"outofstock","20":"taxable","21":"shipping-taxable","22":"purchasable","23":"product-type-simple"},"_links":{"self":[{"href":"https:\/\/clearchox.com\/fr\/wp-json\/wp\/v2\/product\/89350","targetHints":{"allow":["GET"]}}],"collection":[{"href":"https:\/\/clearchox.com\/fr\/wp-json\/wp\/v2\/product"}],"about":[{"href":"https:\/\/clearchox.com\/fr\/wp-json\/wp\/v2\/types\/product"}],"replies":[{"embeddable":true,"href":"https:\/\/clearchox.com\/fr\/wp-json\/wp\/v2\/comments?post=89350"}],"wp:featuredmedia":[{"embeddable":true,"href":"https:\/\/clearchox.com\/fr\/wp-json\/wp\/v2\/media\/89344"}],"wp:attachment":[{"href":"https:\/\/clearchox.com\/fr\/wp-json\/wp\/v2\/media?parent=89350"}],"wp:term":[{"taxonomy":"product_brand","embeddable":true,"href":"https:\/\/clearchox.com\/fr\/wp-json\/wp\/v2\/product_brand?post=89350"},{"taxonomy":"product_cat","embeddable":true,"href":"https:\/\/clearchox.com\/fr\/wp-json\/wp\/v2\/product_cat?post=89350"},{"taxonomy":"product_tag","embeddable":true,"href":"https:\/\/clearchox.com\/fr\/wp-json\/wp\/v2\/product_tag?post=89350"}],"curies":[{"name":"wp","href":"https:\/\/api.w.org\/{rel}","templated":true}]}}